{"id":20946,"date":"2025-09-05T15:34:24","date_gmt":"2025-09-05T21:34:24","guid":{"rendered":"https:\/\/www.jesamerica.net\/?page_id=20946"},"modified":"2025-09-05T16:55:38","modified_gmt":"2025-09-05T22:55:38","slug":"como-funciona","status":"publish","type":"page","link":"https:\/\/www.jesamerica.net\/en\/como-funciona\/","title":{"rendered":"How does it work?"},"content":{"rendered":"\t\t<div data-elementor-type=\"wp-page\" data-elementor-id=\"20946\" class=\"elementor elementor-20946\" data-elementor-post-type=\"page\">\n\t\t\t\t\t\t<section class=\"elementor-section elementor-top-section elementor-element elementor-element-0a2180c elementor-section-full_width elementor-section-stretched elementor-section-height-default elementor-section-height-default\" data-id=\"0a2180c\" data-element_type=\"section\" data-settings=\"{&quot;background_background&quot;:&quot;classic&quot;,&quot;background_motion_fx_motion_fx_scrolling&quot;:&quot;yes&quot;,&quot;background_motion_fx_opacity_effect&quot;:&quot;yes&quot;,&quot;background_motion_fx_opacity_level&quot;:{&quot;unit&quot;:&quot;px&quot;,&quot;size&quot;:1,&quot;sizes&quot;:[]},&quot;background_motion_fx_opacity_range&quot;:{&quot;unit&quot;:&quot;%&quot;,&quot;size&quot;:&quot;&quot;,&quot;sizes&quot;:{&quot;start&quot;:23,&quot;end&quot;:80}},&quot;stretch_section&quot;:&quot;section-stretched&quot;,&quot;background_motion_fx_opacity_direction&quot;:&quot;out-in&quot;,&quot;background_motion_fx_devices&quot;:[&quot;desktop&quot;,&quot;tablet&quot;,&quot;mobile&quot;]}\">\n\t\t\t\t\t\t\t<div class=\"elementor-background-overlay\"><\/div>\n\t\t\t\t\t\t\t<div class=\"elementor-container elementor-column-gap-default\">\n\t\t\t\t\t<div class=\"elementor-column elementor-col-100 elementor-top-column elementor-element elementor-element-4081280\" data-id=\"4081280\" data-element_type=\"column\">\n\t\t\t<div class=\"elementor-widget-wrap elementor-element-populated\">\n\t\t\t\t\t\t<section class=\"elementor-section elementor-inner-section elementor-element elementor-element-2ce0aec elementor-section-boxed elementor-section-height-default elementor-section-height-default\" data-id=\"2ce0aec\" data-element_type=\"section\">\n\t\t\t\t\t\t<div class=\"elementor-container elementor-column-gap-default\">\n\t\t\t\t\t<div class=\"elementor-column elementor-col-100 elementor-inner-column elementor-element elementor-element-08fbfac\" data-id=\"08fbfac\" data-element_type=\"column\">\n\t\t\t<div class=\"elementor-widget-wrap elementor-element-populated\">\n\t\t\t\t\t\t<div class=\"elementor-element elementor-element-72ac12a elementor-widget elementor-widget-heading\" data-id=\"72ac12a\" data-element_type=\"widget\" data-settings=\"{&quot;ekit_we_effect_on&quot;:&quot;none&quot;}\" data-widget_type=\"heading.default\">\n\t\t\t\t<div class=\"elementor-widget-container\">\n\t\t\t\t\t<h1 class=\"elementor-heading-title elementor-size-default\">\u00bfC\u00f3mo funciona nuestra Asesor\u00eda Online en TPM?<\/h1>\t\t\t\t<\/div>\n\t\t\t\t<\/div>\n\t\t\t\t<div class=\"elementor-element elementor-element-d7fd9d5 elementor-widget elementor-widget-heading\" data-id=\"d7fd9d5\" data-element_type=\"widget\" data-settings=\"{&quot;ekit_we_effect_on&quot;:&quot;none&quot;}\" data-widget_type=\"heading.default\">\n\t\t\t\t<div class=\"elementor-widget-container\">\n\t\t\t\t\t<p class=\"elementor-heading-title elementor-size-default\">\u00bfTienes dudas, confusi\u00f3n o problemas con tu TPM, su implementaci\u00f3n o su mantenimiento?<\/p>\t\t\t\t<\/div>\n\t\t\t\t<\/div>\n\t\t\t\t\t<\/div>\n\t\t<\/div>\n\t\t\t\t\t<\/div>\n\t\t<\/section>\n\t\t\t\t\t<\/div>\n\t\t<\/div>\n\t\t\t\t\t<\/div>\n\t\t<\/section>\n\t\t\t\t<section class=\"elementor-section elementor-top-section elementor-element elementor-element-0cc5e17 elementor-section-full_width elementor-section-stretched elementor-section-height-default elementor-section-height-default\" data-id=\"0cc5e17\" data-element_type=\"section\" data-settings=\"{&quot;stretch_section&quot;:&quot;section-stretched&quot;}\">\n\t\t\t\t\t\t<div class=\"elementor-container elementor-column-gap-default\">\n\t\t\t\t\t<div class=\"elementor-column elementor-col-50 elementor-top-column elementor-element elementor-element-dcdfb4d\" data-id=\"dcdfb4d\" data-element_type=\"column\" data-settings=\"{&quot;background_background&quot;:&quot;slideshow&quot;,&quot;background_slideshow_gallery&quot;:[],&quot;background_slideshow_slide_duration&quot;:5000,&quot;background_slideshow_slide_transition&quot;:&quot;fade&quot;,&quot;background_slideshow_transition_duration&quot;:500}\">\n\t\t\t<div class=\"elementor-widget-wrap elementor-element-populated\">\n\t\t\t\t\t\t<section class=\"elementor-section elementor-inner-section elementor-element elementor-element-3ed329d elementor-section-boxed elementor-section-height-default elementor-section-height-default\" data-id=\"3ed329d\" data-element_type=\"section\">\n\t\t\t\t\t\t<div class=\"elementor-container elementor-column-gap-default\">\n\t\t\t\t\t<div class=\"elementor-column elementor-col-100 elementor-inner-column elementor-element elementor-element-1b482bf\" data-id=\"1b482bf\" data-element_type=\"column\">\n\t\t\t<div class=\"elementor-widget-wrap elementor-element-populated\">\n\t\t\t\t\t\t<div class=\"elementor-element elementor-element-be267f3 elementor-widget elementor-widget-heading\" data-id=\"be267f3\" data-element_type=\"widget\" data-settings=\"{&quot;ekit_we_effect_on&quot;:&quot;none&quot;}\" data-widget_type=\"heading.default\">\n\t\t\t\t<div class=\"elementor-widget-container\">\n\t\t\t\t\t<h2 class=\"elementor-heading-title elementor-size-default\">Estamos aqu\u00ed para ayudarte con claridad y resultados.<\/h2>\t\t\t\t<\/div>\n\t\t\t\t<\/div>\n\t\t\t\t<div class=\"elementor-element elementor-element-c6d1f6c elementor-widget elementor-widget-text-editor\" data-id=\"c6d1f6c\" data-element_type=\"widget\" data-settings=\"{&quot;ekit_we_effect_on&quot;:&quot;none&quot;}\" data-widget_type=\"text-editor.default\">\n\t\t\t\t<div class=\"elementor-widget-container\">\n\t\t\t\t\t\t\t\t\t<ul><li><strong>A tu paso y a tu ritmo<\/strong>: sesiones que se acomodan a tus necesidades.<\/li><li><strong>Modalidad flexible<\/strong>: por hora o en paquetes de 8 horas.<\/li><li><strong>Primera hora gratuita<\/strong>: cu\u00e9ntanos qu\u00e9 te aqueja y con gusto te orientamos.<\/li><li><strong>Valor tangible<\/strong>: te ayudamos a conectar los resultados del piso de producci\u00f3n con los resultados financieros que la alta direcci\u00f3n espera.<\/li><li><strong>Asesores<\/strong>: Los mismos asesores, Yuri, Silvano o Ivan, que han asesorado a 21 plantas para conseguir 37 premios TPM de la JIPM \u00a1A tu servicio!<\/li><li><strong>Pagos sencillos<\/strong>: Tarjeta de cr\u00e9dito o transferencia bancaria.<\/li><li><strong>Beneficio adicional<\/strong>: Precio especial para nuestros clientes actuales.<\/li><li><strong>Cero riesgo<\/strong>: Si tras la 2\u00aa hora no est\u00e1s convencido, te reembolsamos tu dinero<\/li><\/ul>\t\t\t\t\t\t\t\t<\/div>\n\t\t\t\t<\/div>\n\t\t\t\t<div class=\"elementor-element elementor-element-e8e5765 elementor-widget elementor-widget-heading\" data-id=\"e8e5765\" data-element_type=\"widget\" data-settings=\"{&quot;ekit_we_effect_on&quot;:&quot;none&quot;}\" data-widget_type=\"heading.default\">\n\t\t\t\t<div class=\"elementor-widget-container\">\n\t\t\t\t\t<h2 class=\"elementor-heading-title elementor-size-default\">Empieza hoy mismo y transforma tus dudas en resultados medibles y rentables.<\/h2>\t\t\t\t<\/div>\n\t\t\t\t<\/div>\n\t\t\t\t<div class=\"elementor-element elementor-element-8318a81 elementor-align-center elementor-widget elementor-widget-button\" data-id=\"8318a81\" data-element_type=\"widget\" data-settings=\"{&quot;ekit_we_effect_on&quot;:&quot;none&quot;}\" data-widget_type=\"button.default\">\n\t\t\t\t<div class=\"elementor-widget-container\">\n\t\t\t\t\t\t\t\t\t<div class=\"elementor-button-wrapper\">\n\t\t\t\t\t<a class=\"elementor-button elementor-button-link elementor-size-sm\" href=\"https:\/\/www.jesamerica.net\/contacto\/\">\n\t\t\t\t\t\t<span class=\"elementor-button-content-wrapper\">\n\t\t\t\t\t\t\t\t\t<span class=\"elementor-button-text\">Pide Informes, haz clic aqu\u00ed<\/span>\n\t\t\t\t\t<\/span>\n\t\t\t\t\t<\/a>\n\t\t\t\t<\/div>\n\t\t\t\t\t\t\t\t<\/div>\n\t\t\t\t<\/div>\n\t\t\t\t\t<\/div>\n\t\t<\/div>\n\t\t\t\t\t<\/div>\n\t\t<\/section>\n\t\t\t\t\t<\/div>\n\t\t<\/div>\n\t\t\t\t<div class=\"elementor-column elementor-col-50 elementor-top-column elementor-element elementor-element-2058fab\" data-id=\"2058fab\" data-element_type=\"column\" data-settings=\"{&quot;background_background&quot;:&quot;slideshow&quot;,&quot;background_slideshow_gallery&quot;:[{&quot;id&quot;:20960,&quot;url&quot;:&quot;https:\\\/\\\/www.jesamerica.net\\\/wp-content\\\/uploads\\\/2025\\\/09\\\/como3.jpg&quot;}],&quot;background_slideshow_loop&quot;:&quot;yes&quot;,&quot;background_slideshow_slide_duration&quot;:5000,&quot;background_slideshow_slide_transition&quot;:&quot;fade&quot;,&quot;background_slideshow_transition_duration&quot;:500}\">\n\t\t\t<div class=\"elementor-widget-wrap elementor-element-populated\">\n\t\t\t\t\t\t<div class=\"elementor-element elementor-element-495ad15 elementor-widget elementor-widget-spacer\" data-id=\"495ad15\" data-element_type=\"widget\" data-settings=\"{&quot;ekit_we_effect_on&quot;:&quot;none&quot;}\" data-widget_type=\"spacer.default\">\n\t\t\t\t<div class=\"elementor-widget-container\">\n\t\t\t\t\t\t\t<div class=\"elementor-spacer\">\n\t\t\t<div class=\"elementor-spacer-inner\"><\/div>\n\t\t<\/div>\n\t\t\t\t\t\t<\/div>\n\t\t\t\t<\/div>\n\t\t\t\t\t<\/div>\n\t\t<\/div>\n\t\t\t\t\t<\/div>\n\t\t<\/section>\n\t\t\t\t<\/div>\n\t\t","protected":false},"excerpt":{"rendered":"<p>\u00bfC\u00f3mo funciona nuestra Asesor\u00eda Online en TPM? \u00bfTienes dudas, confusi\u00f3n o problemas con tu TPM, su implementaci\u00f3n o su mantenimiento? Estamos aqu\u00ed para ayudarte con claridad y resultados. A tu paso y a tu ritmo: sesiones que se acomodan a tus necesidades. Modalidad flexible: por hora o en paquetes de 8 horas. Primera hora gratuita:&#8230;<\/p>","protected":false},"author":1,"featured_media":0,"parent":0,"menu_order":0,"comment_status":"closed","ping_status":"closed","template":"","meta":{"footnotes":""},"class_list":["post-20946","page","type-page","status-publish","hentry"],"yoast_head":"<!-- This site is optimized with the Yoast SEO Premium plugin v25.3.1 (Yoast SEO v25.3.1) - https:\/\/yoast.com\/wordpress\/plugins\/seo\/ -->\n<title>\u00bfC\u00f3mo funciona? - JES Japan Efficient Systems<\/title>\n<meta name=\"robots\" content=\"index, follow, max-snippet:-1, max-image-preview:large, max-video-preview:-1\" \/>\n<link rel=\"canonical\" href=\"https:\/\/www.jesamerica.net\/en\/como-funciona\/\" \/>\n<meta property=\"og:locale\" content=\"en_US\" \/>\n<meta property=\"og:type\" content=\"article\" \/>\n<meta property=\"og:title\" content=\"\u00bfC\u00f3mo funciona?\" \/>\n<meta property=\"og:description\" content=\"\u00bfC\u00f3mo funciona nuestra Asesor\u00eda Online en TPM? \u00bfTienes dudas, confusi\u00f3n o problemas con tu TPM, su implementaci\u00f3n o su mantenimiento? Estamos aqu\u00ed para ayudarte con claridad y resultados. A tu paso y a tu ritmo: sesiones que se acomodan a tus necesidades. Modalidad flexible: por hora o en paquetes de 8 horas. Primera hora gratuita:...\" \/>\n<meta property=\"og:url\" content=\"https:\/\/www.jesamerica.net\/en\/como-funciona\/\" \/>\n<meta property=\"og:site_name\" content=\"JES Japan Efficient Systems\" \/>\n<meta property=\"article:modified_time\" content=\"2025-09-05T22:55:38+00:00\" \/>\n<meta name=\"twitter:card\" content=\"summary_large_image\" \/>\n<meta name=\"twitter:label1\" content=\"Est. reading time\" \/>\n\t<meta name=\"twitter:data1\" content=\"1 minute\" \/>\n<script type=\"application\/ld+json\" class=\"yoast-schema-graph\">{\"@context\":\"https:\/\/schema.org\",\"@graph\":[{\"@type\":\"WebPage\",\"@id\":\"https:\/\/www.jesamerica.net\/como-funciona\/\",\"url\":\"https:\/\/www.jesamerica.net\/como-funciona\/\",\"name\":\"\u00bfC\u00f3mo funciona? - JES Japan Efficient Systems\",\"isPartOf\":{\"@id\":\"https:\/\/www.jesamerica.net\/#website\"},\"datePublished\":\"2025-09-05T21:34:24+00:00\",\"dateModified\":\"2025-09-05T22:55:38+00:00\",\"breadcrumb\":{\"@id\":\"https:\/\/www.jesamerica.net\/como-funciona\/#breadcrumb\"},\"inLanguage\":\"en-US\",\"potentialAction\":[{\"@type\":\"ReadAction\",\"target\":[\"https:\/\/www.jesamerica.net\/como-funciona\/\"]}]},{\"@type\":\"BreadcrumbList\",\"@id\":\"https:\/\/www.jesamerica.net\/como-funciona\/#breadcrumb\",\"itemListElement\":[{\"@type\":\"ListItem\",\"position\":1,\"name\":\"JES\",\"item\":\"https:\/\/www.jesamerica.net\/\"},{\"@type\":\"ListItem\",\"position\":2,\"name\":\"\u00bfC\u00f3mo funciona?\"}]},{\"@type\":\"WebSite\",\"@id\":\"https:\/\/www.jesamerica.net\/#website\",\"url\":\"https:\/\/www.jesamerica.net\/\",\"name\":\"JES Japan Efficient Systems\",\"description\":\"Expertos en TPM\",\"publisher\":{\"@id\":\"https:\/\/www.jesamerica.net\/#organization\"},\"potentialAction\":[{\"@type\":\"SearchAction\",\"target\":{\"@type\":\"EntryPoint\",\"urlTemplate\":\"https:\/\/www.jesamerica.net\/?s={search_term_string}\"},\"query-input\":{\"@type\":\"PropertyValueSpecification\",\"valueRequired\":true,\"valueName\":\"search_term_string\"}}],\"inLanguage\":\"en-US\"},{\"@type\":\"Organization\",\"@id\":\"https:\/\/www.jesamerica.net\/#organization\",\"name\":\"JES Japan Efficient Systems\",\"url\":\"https:\/\/www.jesamerica.net\/\",\"logo\":{\"@type\":\"ImageObject\",\"inLanguage\":\"en-US\",\"@id\":\"https:\/\/www.jesamerica.net\/#\/schema\/logo\/image\/\",\"url\":\"https:\/\/www.jesamerica.net\/wp-content\/uploads\/2022\/08\/LOGO2018_250.png\",\"contentUrl\":\"https:\/\/www.jesamerica.net\/wp-content\/uploads\/2022\/08\/LOGO2018_250.png\",\"width\":250,\"height\":80,\"caption\":\"JES Japan Efficient Systems\"},\"image\":{\"@id\":\"https:\/\/www.jesamerica.net\/#\/schema\/logo\/image\/\"}}]}<\/script>\n<!-- \/ Yoast SEO Premium plugin. -->","yoast_head_json":{"title":"\u00bfC\u00f3mo funciona? - JES Japan Efficient Systems","robots":{"index":"index","follow":"follow","max-snippet":"max-snippet:-1","max-image-preview":"max-image-preview:large","max-video-preview":"max-video-preview:-1"},"canonical":"https:\/\/www.jesamerica.net\/en\/como-funciona\/","og_locale":"en_US","og_type":"article","og_title":"\u00bfC\u00f3mo funciona?","og_description":"\u00bfC\u00f3mo funciona nuestra Asesor\u00eda Online en TPM? \u00bfTienes dudas, confusi\u00f3n o problemas con tu TPM, su implementaci\u00f3n o su mantenimiento? Estamos aqu\u00ed para ayudarte con claridad y resultados. A tu paso y a tu ritmo: sesiones que se acomodan a tus necesidades. Modalidad flexible: por hora o en paquetes de 8 horas. Primera hora gratuita:...","og_url":"https:\/\/www.jesamerica.net\/en\/como-funciona\/","og_site_name":"JES Japan Efficient Systems","article_modified_time":"2025-09-05T22:55:38+00:00","twitter_card":"summary_large_image","twitter_misc":{"Est. reading time":"1 minute"},"schema":{"@context":"https:\/\/schema.org","@graph":[{"@type":"WebPage","@id":"https:\/\/www.jesamerica.net\/como-funciona\/","url":"https:\/\/www.jesamerica.net\/como-funciona\/","name":"\u00bfC\u00f3mo funciona? - JES Japan Efficient Systems","isPartOf":{"@id":"https:\/\/www.jesamerica.net\/#website"},"datePublished":"2025-09-05T21:34:24+00:00","dateModified":"2025-09-05T22:55:38+00:00","breadcrumb":{"@id":"https:\/\/www.jesamerica.net\/como-funciona\/#breadcrumb"},"inLanguage":"en-US","potentialAction":[{"@type":"ReadAction","target":["https:\/\/www.jesamerica.net\/como-funciona\/"]}]},{"@type":"BreadcrumbList","@id":"https:\/\/www.jesamerica.net\/como-funciona\/#breadcrumb","itemListElement":[{"@type":"ListItem","position":1,"name":"JES","item":"https:\/\/www.jesamerica.net\/"},{"@type":"ListItem","position":2,"name":"\u00bfC\u00f3mo funciona?"}]},{"@type":"WebSite","@id":"https:\/\/www.jesamerica.net\/#website","url":"https:\/\/www.jesamerica.net\/","name":"JES Japan Efficient Systems","description":"Expertos en TPM","publisher":{"@id":"https:\/\/www.jesamerica.net\/#organization"},"potentialAction":[{"@type":"SearchAction","target":{"@type":"EntryPoint","urlTemplate":"https:\/\/www.jesamerica.net\/?s={search_term_string}"},"query-input":{"@type":"PropertyValueSpecification","valueRequired":true,"valueName":"search_term_string"}}],"inLanguage":"en-US"},{"@type":"Organization","@id":"https:\/\/www.jesamerica.net\/#organization","name":"JES Japan Efficient Systems","url":"https:\/\/www.jesamerica.net\/","logo":{"@type":"ImageObject","inLanguage":"en-US","@id":"https:\/\/www.jesamerica.net\/#\/schema\/logo\/image\/","url":"https:\/\/www.jesamerica.net\/wp-content\/uploads\/2022\/08\/LOGO2018_250.png","contentUrl":"https:\/\/www.jesamerica.net\/wp-content\/uploads\/2022\/08\/LOGO2018_250.png","width":250,"height":80,"caption":"JES Japan Efficient Systems"},"image":{"@id":"https:\/\/www.jesamerica.net\/#\/schema\/logo\/image\/"}}]}},"_links":{"self":[{"href":"https:\/\/www.jesamerica.net\/en\/wp-json\/wp\/v2\/pages\/20946","targetHints":{"allow":["GET"]}}],"collection":[{"href":"https:\/\/www.jesamerica.net\/en\/wp-json\/wp\/v2\/pages"}],"about":[{"href":"https:\/\/www.jesamerica.net\/en\/wp-json\/wp\/v2\/types\/page"}],"author":[{"embeddable":true,"href":"https:\/\/www.jesamerica.net\/en\/wp-json\/wp\/v2\/users\/1"}],"replies":[{"embeddable":true,"href":"https:\/\/www.jesamerica.net\/en\/wp-json\/wp\/v2\/comments?post=20946"}],"version-history":[{"count":13,"href":"https:\/\/www.jesamerica.net\/en\/wp-json\/wp\/v2\/pages\/20946\/revisions"}],"predecessor-version":[{"id":21049,"href":"https:\/\/www.jesamerica.net\/en\/wp-json\/wp\/v2\/pages\/20946\/revisions\/21049"}],"wp:attachment":[{"href":"https:\/\/www.jesamerica.net\/en\/wp-json\/wp\/v2\/media?parent=20946"}],"curies":[{"name":"wp","href":"https:\/\/api.w.org\/{rel}","templated":true}]}}