{"id":19552,"date":"2025-08-04T15:49:20","date_gmt":"2025-08-04T21:49:20","guid":{"rendered":"https:\/\/www.jesamerica.net\/?page_id=19552"},"modified":"2025-09-05T16:51:15","modified_gmt":"2025-09-05T22:51:15","slug":"gerente-tpm","status":"publish","type":"page","link":"https:\/\/www.jesamerica.net\/en\/gerente-tpm\/","title":{"rendered":"Gerente TPM"},"content":{"rendered":"<div data-elementor-type=\"wp-page\" data-elementor-id=\"19552\" class=\"elementor elementor-19552\" data-elementor-post-type=\"page\">\n\t\t\t\t\t\t<section class=\"elementor-section elementor-top-section elementor-element elementor-element-47d610f elementor-section-full_width elementor-section-stretched elementor-section-height-default elementor-section-height-default\" data-id=\"47d610f\" data-element_type=\"section\" data-settings=\"{&quot;background_background&quot;:&quot;classic&quot;,&quot;stretch_section&quot;:&quot;section-stretched&quot;}\">\n\t\t\t\t\t\t\t<div class=\"elementor-background-overlay\"><\/div>\n\t\t\t\t\t\t\t<div class=\"elementor-container elementor-column-gap-default\">\n\t\t\t\t\t<div class=\"elementor-column elementor-col-100 elementor-top-column elementor-element elementor-element-aca4d66\" data-id=\"aca4d66\" data-element_type=\"column\">\n\t\t\t<div class=\"elementor-widget-wrap elementor-element-populated\">\n\t\t\t\t\t\t<section class=\"elementor-section elementor-inner-section elementor-element elementor-element-efa9f00 elementor-section-boxed elementor-section-height-default elementor-section-height-default\" data-id=\"efa9f00\" data-element_type=\"section\">\n\t\t\t\t\t\t<div class=\"elementor-container elementor-column-gap-default\">\n\t\t\t\t\t<div class=\"elementor-column elementor-col-100 elementor-inner-column elementor-element elementor-element-49aa241\" data-id=\"49aa241\" data-element_type=\"column\">\n\t\t\t<div class=\"elementor-widget-wrap elementor-element-populated\">\n\t\t\t\t\t\t<div class=\"elementor-element elementor-element-38babe2 elementor-widget elementor-widget-heading\" data-id=\"38babe2\" data-element_type=\"widget\" data-settings=\"{&quot;ekit_we_effect_on&quot;:&quot;none&quot;}\" data-widget_type=\"heading.default\">\n\t\t\t\t<div class=\"elementor-widget-container\">\n\t\t\t\t\t<h1 class=\"elementor-heading-title elementor-size-default\">Online TPM Consulting for TPM Managers<\/h1>\t\t\t\t<\/div>\n\t\t\t\t<\/div>\n\t\t\t\t<div class=\"elementor-element elementor-element-6c36a9fa elementor-widget elementor-widget-heading\" data-id=\"6c36a9fa\" data-element_type=\"widget\" data-settings=\"{&quot;ekit_we_effect_on&quot;:&quot;none&quot;}\" data-widget_type=\"heading.default\">\n\t\t\t\t<div class=\"elementor-widget-container\">\n\t\t\t\t\t<p class=\"elementor-heading-title elementor-size-default\">Lead the system with confidence<\/p>\t\t\t\t<\/div>\n\t\t\t\t<\/div>\n\t\t\t\t<div class=\"elementor-element elementor-element-49f1420 elementor-widget elementor-widget-text-editor\" data-id=\"49f1420\" data-element_type=\"widget\" data-settings=\"{&quot;ekit_we_effect_on&quot;:&quot;none&quot;}\" data-widget_type=\"text-editor.default\">\n\t\t\t\t<div class=\"elementor-widget-container\">\n\t\t\t\t\t\t\t\t\t<p style=\"text-align: center;\" class=\"translation-block\">The TPM Manager's role is key to making the system truly move forward.<br>But it's common to feel stuck: without clear authority, under pressure for results, not knowing what to prioritize or how to motivate the pillar leaders.<br>Our online TPM consulting helps you clear up doubts and confusion, and helps you stay one step ahead with confidence.<br>It's not about doing more, but about directing the system. We accompany you step by step so you can lead with focus, confidence, and visible results.<\/p>\t\t\t\t\t\t\t\t<\/div>\n\t\t\t\t<\/div>\n\t\t\t\t\t<\/div>\n\t\t<\/div>\n\t\t\t\t\t<\/div>\n\t\t<\/section>\n\t\t\t\t\t<\/div>\n\t\t<\/div>\n\t\t\t\t\t<\/div>\n\t\t<\/section>\n\t\t\t\t<section class=\"elementor-section elementor-top-section elementor-element elementor-element-5f43cddb elementor-section-boxed elementor-section-height-default elementor-section-height-default\" data-id=\"5f43cddb\" data-element_type=\"section\">\n\t\t\t\t\t\t<div class=\"elementor-container elementor-column-gap-default\">\n\t\t\t\t\t<div class=\"elementor-column elementor-col-100 elementor-top-column elementor-element elementor-element-240d70d4\" data-id=\"240d70d4\" data-element_type=\"column\">\n\t\t\t<div class=\"elementor-widget-wrap elementor-element-populated\">\n\t\t\t\t\t\t<section class=\"elementor-section elementor-inner-section elementor-element elementor-element-6a883bd1 elementor-section-boxed elementor-section-height-default elementor-section-height-default\" data-id=\"6a883bd1\" data-element_type=\"section\">\n\t\t\t\t\t\t<div class=\"elementor-container elementor-column-gap-default\">\n\t\t\t\t\t<div class=\"elementor-column elementor-col-100 elementor-inner-column elementor-element elementor-element-41e48c35\" data-id=\"41e48c35\" data-element_type=\"column\">\n\t\t\t<div class=\"elementor-widget-wrap elementor-element-populated\">\n\t\t\t\t\t\t<div class=\"elementor-element elementor-element-c5d0b4d elementor-widget elementor-widget-spacer\" data-id=\"c5d0b4d\" data-element_type=\"widget\" data-settings=\"{&quot;ekit_we_effect_on&quot;:&quot;none&quot;}\" data-widget_type=\"spacer.default\">\n\t\t\t\t<div class=\"elementor-widget-container\">\n\t\t\t\t\t\t\t<div class=\"elementor-spacer\">\n\t\t\t<div class=\"elementor-spacer-inner\"><\/div>\n\t\t<\/div>\n\t\t\t\t\t\t<\/div>\n\t\t\t\t<\/div>\n\t\t\t\t\t<\/div>\n\t\t<\/div>\n\t\t\t\t\t<\/div>\n\t\t<\/section>\n\t\t\t\t\t<\/div>\n\t\t<\/div>\n\t\t\t\t\t<\/div>\n\t\t<\/section>\n\t\t\t\t<section class=\"elementor-section elementor-top-section elementor-element elementor-element-460ad00d elementor-section-boxed elementor-section-height-default elementor-section-height-default\" data-id=\"460ad00d\" data-element_type=\"section\">\n\t\t\t\t\t\t<div class=\"elementor-container elementor-column-gap-default\">\n\t\t\t\t\t<div class=\"elementor-column elementor-col-100 elementor-top-column elementor-element elementor-element-45ed1977\" data-id=\"45ed1977\" data-element_type=\"column\">\n\t\t\t<div class=\"elementor-widget-wrap elementor-element-populated\">\n\t\t\t\t\t\t<div class=\"elementor-element elementor-element-44b1ec9b elementor-widget elementor-widget-heading\" data-id=\"44b1ec9b\" data-element_type=\"widget\" data-settings=\"{&quot;ekit_we_effect_on&quot;:&quot;none&quot;}\" data-widget_type=\"heading.default\">\n\t\t\t\t<div class=\"elementor-widget-container\">\n\t\t\t\t\t<h2 class=\"elementor-heading-title elementor-size-default\">How online TPM consulting can be useful<\/h2>\t\t\t\t<\/div>\n\t\t\t\t<\/div>\n\t\t\t\t<div class=\"elementor-element elementor-element-23672f6 elementor-widget elementor-widget-html\" data-id=\"23672f6\" data-element_type=\"widget\" data-settings=\"{&quot;ekit_we_effect_on&quot;:&quot;none&quot;}\" data-widget_type=\"html.default\">\n\t\t\t\t<div class=\"elementor-widget-container\">\n\t\t\t\t\t<div id=\"tpm-gerente-unique\" class=\"tpm-gerente-container\">\r\n  <table class=\"tpm-gerente-tpm fr-table-selection-hover\">\r\n    <thead>\r\n      <tr>\r\n        <th><div style=\"text-align: center;\">Visi\u00f3n TPM<\/div><\/th>\r\n        <th style=\"text-align: center;\"><div style=\"text-align: center;\">Problemas Comunes<\/div><\/th>\r\n        <th><div style=\"text-align: center;\">C\u00f3mo puede ayudar TPM<\/div><\/th>\r\n      <\/tr>\r\n    <\/thead>\r\n    <tbody>\r\n      <tr>\r\n        <td>\r\n          Coordinar los pilares, dar seguimiento efectivo, facilitar el aprendizaje entre \u00e1reas y ser el motor del sistema de mejora.\r\n        <\/td>\r\n        <td>\r\n          Falta de autoridad o apoyo, confusi\u00f3n sobre qu\u00e9 priorizar, desmotivaci\u00f3n de l\u00edderes de pilar, presi\u00f3n por resultados sin gu\u00eda clara, y dificultad para presentar avances de forma estrat\u00e9gica y financiera.\r\n        <\/td>\r\n        <td>\r\n          Te ayudamos a estructurar tu trabajo, priorizar acciones con impacto y comunicar los avances con claridad. Te damos acompa\u00f1amiento cercano para resolver dudas reales, reforzar tu liderazgo y avanzar sin sentirte solo. Te apoyaremos para guiar a tu equipo con seguridad, enfoque y resultados visibles.\r\n        <\/td>\r\n      <\/tr>\r\n    <\/tbody>\r\n  <\/table>\r\n<\/div>\r\n\r\n<style>\r\n  #tpm-gerente-unique.tpm-gerente-container {\r\n    all: initial;\r\n    font-family: 'Segoe UI', Tahoma, Geneva, Verdana, sans-serif !important;\r\n    display: block !important;\r\n    padding: 20px !important;\r\n    margin: 20px 0 !important;\r\n    box-sizing: border-box !important;\r\n    isolation: isolate;\r\n  }\r\n\r\n  #tpm-gerente-unique table.tpm-gerente-tpm {\r\n    width: 100% !important;\r\n    border-collapse: collapse !important;\r\n    font-family: inherit !important;\r\n    font-size: 17px !important; \/* texto base *\/\r\n    border-radius: 12px !important;\r\n    overflow: hidden !important;\r\n    box-shadow: 0 4px 12px rgba(0, 0, 0, 0.1) !important;\r\n    color: #1e3a8a !important;\r\n  }\r\n\r\n  #tpm-gerente-unique table.tpm-gerente-tpm th,\r\n  #tpm-gerente-unique table.tpm-gerente-tpm td {\r\n    border: 1px solid #ccc !important;\r\n    padding: 18px 20px !important;\r\n    vertical-align: top !important;\r\n  }\r\n\r\n  #tpm-gerente-unique table.tpm-gerente-tpm th {\r\n    background-color: #1e3a8a !important;\r\n    color: white !important;\r\n    text-align: center !important;\r\n    font-size: 20px !important; \/* t\u00edtulos *\/\r\n    font-weight: 600 !important;\r\n  }\r\n\r\n  #tpm-gerente-unique table.tpm-gerente-tpm tbody tr:nth-child(even) {\r\n    background-color: #f0f6ff !important;\r\n  }\r\n\r\n  #tpm-gerente-unique table.tpm-gerente-tpm tbody tr:hover {\r\n    background-color: #d0defe !important;\r\n    transition: background-color 0.3s ease !important;\r\n  }\r\n\r\n  @media (max-width: 768px) {\r\n    #tpm-gerente-unique table.tpm-gerente-tpm {\r\n      font-size: 16px !important; \/* texto m\u00f3vil *\/\r\n    }\r\n\r\n    #tpm-gerente-unique table.tpm-gerente-tpm th,\r\n    #tpm-gerente-unique table.tpm-gerente-tpm td {\r\n      padding: 14px 16px !important;\r\n    }\r\n\r\n    #tpm-gerente-unique table.tpm-gerente-tpm th {\r\n      font-size: 18px !important; \/* t\u00edtulos m\u00f3vil *\/\r\n    }\r\n  }\r\n<\/style>\r\n\t\t\t\t<\/div>\n\t\t\t\t<\/div>\n\t\t\t\t\t<\/div>\n\t\t<\/div>\n\t\t\t\t\t<\/div>\n\t\t<\/section>\n\t\t\t\t<section class=\"elementor-section elementor-top-section elementor-element elementor-element-6a561f72 elementor-section-boxed elementor-section-height-default elementor-section-height-default\" data-id=\"6a561f72\" data-element_type=\"section\">\n\t\t\t\t\t\t<div class=\"elementor-container elementor-column-gap-default\">\n\t\t\t\t\t<div class=\"elementor-column elementor-col-100 elementor-top-column elementor-element elementor-element-6b4034ba\" data-id=\"6b4034ba\" data-element_type=\"column\">\n\t\t\t<div class=\"elementor-widget-wrap elementor-element-populated\">\n\t\t\t\t\t\t<section class=\"elementor-section elementor-inner-section elementor-element elementor-element-45f7200d elementor-section-content-middle elementor-section-boxed elementor-section-height-default elementor-section-height-default\" data-id=\"45f7200d\" data-element_type=\"section\">\n\t\t\t\t\t\t<div class=\"elementor-container elementor-column-gap-default\">\n\t\t\t\t\t<div class=\"elementor-column elementor-col-100 elementor-inner-column elementor-element elementor-element-7a3438d0\" data-id=\"7a3438d0\" data-element_type=\"column\">\n\t\t\t<div class=\"elementor-widget-wrap elementor-element-populated\">\n\t\t\t\t\t\t<div class=\"elementor-element elementor-element-3183c84c elementor-widget elementor-widget-heading\" data-id=\"3183c84c\" data-element_type=\"widget\" data-settings=\"{&quot;ekit_we_effect_on&quot;:&quot;none&quot;}\" data-widget_type=\"heading.default\">\n\t\t\t\t<div class=\"elementor-widget-container\">\n\t\t\t\t\t<h2 class=\"elementor-heading-title elementor-size-default\">Strengthen your role as the axis of the TPM system.<\/h2>\t\t\t\t<\/div>\n\t\t\t\t<\/div>\n\t\t\t\t<div class=\"elementor-element elementor-element-7ae62370 elementor-align-center elementor-widget elementor-widget-button\" data-id=\"7ae62370\" data-element_type=\"widget\" data-settings=\"{&quot;ekit_we_effect_on&quot;:&quot;none&quot;}\" data-widget_type=\"button.default\">\n\t\t\t\t<div class=\"elementor-widget-container\">\n\t\t\t\t\t\t\t\t\t<div class=\"elementor-button-wrapper\">\n\t\t\t\t\t<a class=\"elementor-button elementor-button-link elementor-size-sm\" href=\"https:\/\/www.jesamerica.net\/en\/contacto\/\">\n\t\t\t\t\t\t<span class=\"elementor-button-content-wrapper\">\n\t\t\t\t\t\t\t\t\t<span class=\"elementor-button-text\">Schedule your consultation today<\/span>\n\t\t\t\t\t<\/span>\n\t\t\t\t\t<\/a>\n\t\t\t\t<\/div>\n\t\t\t\t\t\t\t\t<\/div>\n\t\t\t\t<\/div>\n\t\t\t\t\t<\/div>\n\t\t<\/div>\n\t\t\t\t\t<\/div>\n\t\t<\/section>\n\t\t\t\t\t<\/div>\n\t\t<\/div>\n\t\t\t\t\t<\/div>\n\t\t<\/section>\n\t\t\t\t<\/div>","protected":false},"excerpt":{"rendered":"<p>Asesor\u00eda TPM Online para Gerente TPM Lidera el sistema con confianza El rol del Gerente TPM es clave para que el sistema avance de verdad.Pero es com\u00fan sentirse estancado: sin autoridad clara, con presi\u00f3n por resultados, sin saber qu\u00e9 priorizar ni c\u00f3mo motivar a los l\u00edderes de pilar.Nuestra asesor\u00eda TPM online te sirve para aclarar&#8230;<\/p>","protected":false},"author":1,"featured_media":0,"parent":0,"menu_order":0,"comment_status":"closed","ping_status":"closed","template":"","meta":{"footnotes":""},"class_list":["post-19552","page","type-page","status-publish","hentry"],"yoast_head":"<!-- This site is optimized with the Yoast SEO Premium plugin v25.3.1 (Yoast SEO v25.3.1) - https:\/\/yoast.com\/wordpress\/plugins\/seo\/ -->\n<title>Gerente TPM - JES Japan Efficient Systems<\/title>\n<meta name=\"robots\" content=\"index, follow, max-snippet:-1, max-image-preview:large, max-video-preview:-1\" \/>\n<link rel=\"canonical\" href=\"https:\/\/www.jesamerica.net\/en\/gerente-tpm\/\" \/>\n<meta property=\"og:locale\" content=\"en_US\" \/>\n<meta property=\"og:type\" content=\"article\" \/>\n<meta property=\"og:title\" content=\"Gerente TPM\" \/>\n<meta property=\"og:description\" content=\"Asesor\u00eda TPM Online para Gerente TPM Lidera el sistema con confianza El rol del Gerente TPM es clave para que el sistema avance de verdad.Pero es com\u00fan sentirse estancado: sin autoridad clara, con presi\u00f3n por resultados, sin saber qu\u00e9 priorizar ni c\u00f3mo motivar a los l\u00edderes de pilar.Nuestra asesor\u00eda TPM online te sirve para aclarar...\" \/>\n<meta property=\"og:url\" content=\"https:\/\/www.jesamerica.net\/en\/gerente-tpm\/\" \/>\n<meta property=\"og:site_name\" content=\"JES Japan Efficient Systems\" \/>\n<meta property=\"article:modified_time\" content=\"2025-09-05T22:51:15+00:00\" \/>\n<meta name=\"twitter:card\" content=\"summary_large_image\" \/>\n<meta name=\"twitter:label1\" content=\"Est. reading time\" \/>\n\t<meta name=\"twitter:data1\" content=\"1 minute\" \/>\n<script type=\"application\/ld+json\" class=\"yoast-schema-graph\">{\"@context\":\"https:\/\/schema.org\",\"@graph\":[{\"@type\":\"WebPage\",\"@id\":\"https:\/\/www.jesamerica.net\/gerente-tpm\/\",\"url\":\"https:\/\/www.jesamerica.net\/gerente-tpm\/\",\"name\":\"Gerente TPM - JES Japan Efficient Systems\",\"isPartOf\":{\"@id\":\"https:\/\/www.jesamerica.net\/#website\"},\"datePublished\":\"2025-08-04T21:49:20+00:00\",\"dateModified\":\"2025-09-05T22:51:15+00:00\",\"breadcrumb\":{\"@id\":\"https:\/\/www.jesamerica.net\/gerente-tpm\/#breadcrumb\"},\"inLanguage\":\"en-US\",\"potentialAction\":[{\"@type\":\"ReadAction\",\"target\":[\"https:\/\/www.jesamerica.net\/gerente-tpm\/\"]}]},{\"@type\":\"BreadcrumbList\",\"@id\":\"https:\/\/www.jesamerica.net\/gerente-tpm\/#breadcrumb\",\"itemListElement\":[{\"@type\":\"ListItem\",\"position\":1,\"name\":\"JES\",\"item\":\"https:\/\/www.jesamerica.net\/\"},{\"@type\":\"ListItem\",\"position\":2,\"name\":\"Gerente TPM\"}]},{\"@type\":\"WebSite\",\"@id\":\"https:\/\/www.jesamerica.net\/#website\",\"url\":\"https:\/\/www.jesamerica.net\/\",\"name\":\"JES Japan Efficient Systems\",\"description\":\"Expertos en TPM\",\"publisher\":{\"@id\":\"https:\/\/www.jesamerica.net\/#organization\"},\"potentialAction\":[{\"@type\":\"SearchAction\",\"target\":{\"@type\":\"EntryPoint\",\"urlTemplate\":\"https:\/\/www.jesamerica.net\/?s={search_term_string}\"},\"query-input\":{\"@type\":\"PropertyValueSpecification\",\"valueRequired\":true,\"valueName\":\"search_term_string\"}}],\"inLanguage\":\"en-US\"},{\"@type\":\"Organization\",\"@id\":\"https:\/\/www.jesamerica.net\/#organization\",\"name\":\"JES Japan Efficient Systems\",\"url\":\"https:\/\/www.jesamerica.net\/\",\"logo\":{\"@type\":\"ImageObject\",\"inLanguage\":\"en-US\",\"@id\":\"https:\/\/www.jesamerica.net\/#\/schema\/logo\/image\/\",\"url\":\"https:\/\/www.jesamerica.net\/wp-content\/uploads\/2022\/08\/LOGO2018_250.png\",\"contentUrl\":\"https:\/\/www.jesamerica.net\/wp-content\/uploads\/2022\/08\/LOGO2018_250.png\",\"width\":250,\"height\":80,\"caption\":\"JES Japan Efficient Systems\"},\"image\":{\"@id\":\"https:\/\/www.jesamerica.net\/#\/schema\/logo\/image\/\"}}]}<\/script>\n<!-- \/ Yoast SEO Premium plugin. -->","yoast_head_json":{"title":"Gerente TPM - JES Japan Efficient Systems","robots":{"index":"index","follow":"follow","max-snippet":"max-snippet:-1","max-image-preview":"max-image-preview:large","max-video-preview":"max-video-preview:-1"},"canonical":"https:\/\/www.jesamerica.net\/en\/gerente-tpm\/","og_locale":"en_US","og_type":"article","og_title":"Gerente TPM","og_description":"Asesor\u00eda TPM Online para Gerente TPM Lidera el sistema con confianza El rol del Gerente TPM es clave para que el sistema avance de verdad.Pero es com\u00fan sentirse estancado: sin autoridad clara, con presi\u00f3n por resultados, sin saber qu\u00e9 priorizar ni c\u00f3mo motivar a los l\u00edderes de pilar.Nuestra asesor\u00eda TPM online te sirve para aclarar...","og_url":"https:\/\/www.jesamerica.net\/en\/gerente-tpm\/","og_site_name":"JES Japan Efficient Systems","article_modified_time":"2025-09-05T22:51:15+00:00","twitter_card":"summary_large_image","twitter_misc":{"Est. reading time":"1 minute"},"schema":{"@context":"https:\/\/schema.org","@graph":[{"@type":"WebPage","@id":"https:\/\/www.jesamerica.net\/gerente-tpm\/","url":"https:\/\/www.jesamerica.net\/gerente-tpm\/","name":"Gerente TPM - JES Japan Efficient Systems","isPartOf":{"@id":"https:\/\/www.jesamerica.net\/#website"},"datePublished":"2025-08-04T21:49:20+00:00","dateModified":"2025-09-05T22:51:15+00:00","breadcrumb":{"@id":"https:\/\/www.jesamerica.net\/gerente-tpm\/#breadcrumb"},"inLanguage":"en-US","potentialAction":[{"@type":"ReadAction","target":["https:\/\/www.jesamerica.net\/gerente-tpm\/"]}]},{"@type":"BreadcrumbList","@id":"https:\/\/www.jesamerica.net\/gerente-tpm\/#breadcrumb","itemListElement":[{"@type":"ListItem","position":1,"name":"JES","item":"https:\/\/www.jesamerica.net\/"},{"@type":"ListItem","position":2,"name":"Gerente TPM"}]},{"@type":"WebSite","@id":"https:\/\/www.jesamerica.net\/#website","url":"https:\/\/www.jesamerica.net\/","name":"JES Japan Efficient Systems","description":"Expertos en TPM","publisher":{"@id":"https:\/\/www.jesamerica.net\/#organization"},"potentialAction":[{"@type":"SearchAction","target":{"@type":"EntryPoint","urlTemplate":"https:\/\/www.jesamerica.net\/?s={search_term_string}"},"query-input":{"@type":"PropertyValueSpecification","valueRequired":true,"valueName":"search_term_string"}}],"inLanguage":"en-US"},{"@type":"Organization","@id":"https:\/\/www.jesamerica.net\/#organization","name":"JES Japan Efficient Systems","url":"https:\/\/www.jesamerica.net\/","logo":{"@type":"ImageObject","inLanguage":"en-US","@id":"https:\/\/www.jesamerica.net\/#\/schema\/logo\/image\/","url":"https:\/\/www.jesamerica.net\/wp-content\/uploads\/2022\/08\/LOGO2018_250.png","contentUrl":"https:\/\/www.jesamerica.net\/wp-content\/uploads\/2022\/08\/LOGO2018_250.png","width":250,"height":80,"caption":"JES Japan Efficient Systems"},"image":{"@id":"https:\/\/www.jesamerica.net\/#\/schema\/logo\/image\/"}}]}},"_links":{"self":[{"href":"https:\/\/www.jesamerica.net\/en\/wp-json\/wp\/v2\/pages\/19552","targetHints":{"allow":["GET"]}}],"collection":[{"href":"https:\/\/www.jesamerica.net\/en\/wp-json\/wp\/v2\/pages"}],"about":[{"href":"https:\/\/www.jesamerica.net\/en\/wp-json\/wp\/v2\/types\/page"}],"author":[{"embeddable":true,"href":"https:\/\/www.jesamerica.net\/en\/wp-json\/wp\/v2\/users\/1"}],"replies":[{"embeddable":true,"href":"https:\/\/www.jesamerica.net\/en\/wp-json\/wp\/v2\/comments?post=19552"}],"version-history":[{"count":31,"href":"https:\/\/www.jesamerica.net\/en\/wp-json\/wp\/v2\/pages\/19552\/revisions"}],"predecessor-version":[{"id":21035,"href":"https:\/\/www.jesamerica.net\/en\/wp-json\/wp\/v2\/pages\/19552\/revisions\/21035"}],"wp:attachment":[{"href":"https:\/\/www.jesamerica.net\/en\/wp-json\/wp\/v2\/media?parent=19552"}],"curies":[{"name":"wp","href":"https:\/\/api.w.org\/{rel}","templated":true}]}}