{"id":19412,"date":"2025-07-31T20:18:47","date_gmt":"2025-08-01T02:18:47","guid":{"rendered":"https:\/\/www.jesamerica.net\/?page_id=19412"},"modified":"2026-02-19T18:38:10","modified_gmt":"2026-02-20T00:38:10","slug":"gerente-de-planta","status":"publish","type":"page","link":"https:\/\/www.jesamerica.net\/en\/gerente-de-planta\/","title":{"rendered":"Gerente de Planta"},"content":{"rendered":"<div data-elementor-type=\"wp-page\" data-elementor-id=\"19412\" class=\"elementor elementor-19412\" data-elementor-post-type=\"page\">\n\t\t\t\t\t\t<section class=\"elementor-section elementor-top-section elementor-element elementor-element-ea331d8 elementor-section-full_width elementor-section-stretched elementor-section-height-default elementor-section-height-default\" data-id=\"ea331d8\" data-element_type=\"section\" data-settings=\"{&quot;background_background&quot;:&quot;classic&quot;,&quot;stretch_section&quot;:&quot;section-stretched&quot;}\">\n\t\t\t\t\t\t\t<div class=\"elementor-background-overlay\"><\/div>\n\t\t\t\t\t\t\t<div class=\"elementor-container elementor-column-gap-default\">\n\t\t\t\t\t<div class=\"elementor-column elementor-col-100 elementor-top-column elementor-element elementor-element-efe1193\" data-id=\"efe1193\" data-element_type=\"column\">\n\t\t\t<div class=\"elementor-widget-wrap elementor-element-populated\">\n\t\t\t\t\t\t<section class=\"elementor-section elementor-inner-section elementor-element elementor-element-c6c2378 elementor-section-boxed elementor-section-height-default elementor-section-height-default\" data-id=\"c6c2378\" data-element_type=\"section\">\n\t\t\t\t\t\t<div class=\"elementor-container elementor-column-gap-default\">\n\t\t\t\t\t<div class=\"elementor-column elementor-col-100 elementor-inner-column elementor-element elementor-element-8adf994\" data-id=\"8adf994\" data-element_type=\"column\">\n\t\t\t<div class=\"elementor-widget-wrap elementor-element-populated\">\n\t\t\t\t\t\t<div class=\"elementor-element elementor-element-7ccdebae elementor-widget elementor-widget-heading\" data-id=\"7ccdebae\" data-element_type=\"widget\" data-settings=\"{&quot;ekit_we_effect_on&quot;:&quot;none&quot;}\" data-widget_type=\"heading.default\">\n\t\t\t\t<div class=\"elementor-widget-container\">\n\t\t\t\t\t<h1 class=\"elementor-heading-title elementor-size-default\">Online TPM Consulting for Plant Managers<\/h1>\t\t\t\t<\/div>\n\t\t\t\t<\/div>\n\t\t\t\t<div class=\"elementor-element elementor-element-78c95f75 elementor-widget elementor-widget-heading\" data-id=\"78c95f75\" data-element_type=\"widget\" data-settings=\"{&quot;ekit_we_effect_on&quot;:&quot;none&quot;}\" data-widget_type=\"heading.default\">\n\t\t\t\t<div class=\"elementor-widget-container\">\n\t\t\t\t\t<p class=\"elementor-heading-title elementor-size-default\">Lead your plant with clarity, focus, and sustainable results.\n\n<\/p>\t\t\t\t<\/div>\n\t\t\t\t<\/div>\n\t\t\t\t<div class=\"elementor-element elementor-element-46b8bd8 elementor-widget elementor-widget-text-editor\" data-id=\"46b8bd8\" data-element_type=\"widget\" data-settings=\"{&quot;ekit_we_effect_on&quot;:&quot;none&quot;}\" data-widget_type=\"text-editor.default\">\n\t\t\t\t<div class=\"elementor-widget-container\">\n\t\t\t\t\t\t\t\t\t<hr \/><p style=\"text-align: justofy;\">Stop putting out fires. Start leading with an integrated vision of safety, quality, cost, and delivery. We know that as a Plant Manager, you face the pressure of aligning the entire operation with strategy\u2026 but without enough time to dive into every detail. Pillar progress is often unbalanced, teams get overloaded, and sustaining the system without relying on external consultants is difficult. Our consulting gives you the tools to clearly see where to intervene, how to anticipate deviations, and how to keep the system alive without losing focus or overloading your team. Learn to integrate, evaluate, and take impactful action, without needing to be a technical expert.<\/p>\t\t\t\t\t\t\t\t<\/div>\n\t\t\t\t<\/div>\n\t\t\t\t\t<\/div>\n\t\t<\/div>\n\t\t\t\t\t<\/div>\n\t\t<\/section>\n\t\t\t\t\t<\/div>\n\t\t<\/div>\n\t\t\t\t\t<\/div>\n\t\t<\/section>\n\t\t\t\t<section class=\"elementor-section elementor-top-section elementor-element elementor-element-169bd5bc elementor-section-boxed elementor-section-height-default elementor-section-height-default\" data-id=\"169bd5bc\" data-element_type=\"section\">\n\t\t\t\t\t\t<div class=\"elementor-container elementor-column-gap-default\">\n\t\t\t\t\t<div class=\"elementor-column elementor-col-100 elementor-top-column elementor-element elementor-element-71f8fc35\" data-id=\"71f8fc35\" data-element_type=\"column\">\n\t\t\t<div class=\"elementor-widget-wrap elementor-element-populated\">\n\t\t\t\t\t\t<section class=\"elementor-section elementor-inner-section elementor-element elementor-element-fdde209 elementor-section-boxed elementor-section-height-default elementor-section-height-default\" data-id=\"fdde209\" data-element_type=\"section\">\n\t\t\t\t\t\t<div class=\"elementor-container elementor-column-gap-default\">\n\t\t\t\t\t<div class=\"elementor-column elementor-col-100 elementor-inner-column elementor-element elementor-element-24992066\" data-id=\"24992066\" data-element_type=\"column\">\n\t\t\t<div class=\"elementor-widget-wrap\">\n\t\t\t\t\t\t\t<\/div>\n\t\t<\/div>\n\t\t\t\t\t<\/div>\n\t\t<\/section>\n\t\t\t\t\t<\/div>\n\t\t<\/div>\n\t\t\t\t\t<\/div>\n\t\t<\/section>\n\t\t\t\t<section class=\"elementor-section elementor-top-section elementor-element elementor-element-56666cf8 elementor-section-boxed elementor-section-height-default elementor-section-height-default\" data-id=\"56666cf8\" data-element_type=\"section\">\n\t\t\t\t\t\t<div class=\"elementor-container elementor-column-gap-default\">\n\t\t\t\t\t<div class=\"elementor-column elementor-col-100 elementor-top-column elementor-element elementor-element-182eafc9\" data-id=\"182eafc9\" data-element_type=\"column\">\n\t\t\t<div class=\"elementor-widget-wrap elementor-element-populated\">\n\t\t\t\t\t\t<div class=\"elementor-element elementor-element-74043a6 elementor-widget elementor-widget-heading\" data-id=\"74043a6\" data-element_type=\"widget\" data-settings=\"{&quot;ekit_we_effect_on&quot;:&quot;none&quot;}\" data-widget_type=\"heading.default\">\n\t\t\t\t<div class=\"elementor-widget-container\">\n\t\t\t\t\t<h2 class=\"elementor-heading-title elementor-size-default\">How online TPM consulting can be useful<\/h2>\t\t\t\t<\/div>\n\t\t\t\t<\/div>\n\t\t\t\t<div class=\"elementor-element elementor-element-054adea elementor-widget elementor-widget-html\" data-id=\"054adea\" data-element_type=\"widget\" data-settings=\"{&quot;ekit_we_effect_on&quot;:&quot;none&quot;}\" data-widget_type=\"html.default\">\n\t\t\t\t<div class=\"elementor-widget-container\">\n\t\t\t\t\t<!DOCTYPE html>\r\n<html lang=\"es\">\r\n<head>\r\n  <meta charset=\"UTF-8\">\r\n  <title>Plant Manager Table<\/title>\r\n  <style>\r\n    #tpm-gerente-planta-unique.tpm-gerente-container {\r\n        all: initial;\r\n        font-family: 'Segoe UI', Tahoma, Geneva, Verdana, sans-serif !important;\r\n        display: block !important;\r\n        padding: 20px !important;\r\n        margin: 20px 0 !important;\r\n        box-sizing: border-box !important;\r\n        isolation: isolate;\r\n    }\r\n\r\n    #tpm-gerente-planta-unique table.tpm-gerente-planta {\r\n        width: 100% !important;\r\n        border-collapse: collapse !important;\r\n        font-family: inherit !important;\r\n        font-size: 17px !important;\r\n        border-radius: 12px !important;\r\n        overflow: hidden !important;\r\n        box-shadow: 0 4px 12px rgba(0, 0, 0, 0.1) !important;\r\n        color: #1e3a8a !important;\r\n    }\r\n\r\n    #tpm-gerente-planta-unique table.tpm-gerente-planta th,\r\n    #tpm-gerente-planta-unique table.tpm-gerente-planta td {\r\n        border: 1px solid #ccc !important;\r\n        padding: 18px 20px !important;\r\n        vertical-align: top !important;\r\n    }\r\n\r\n    #tpm-gerente-planta-unique table.tpm-gerente-planta th {\r\n        background-color: #1e3a8a !important;\r\n        color: white !important;\r\n        text-align: left !important;\r\n        font-size: 20px !important;\r\n        font-weight: 600 !important;\r\n    }\r\n\r\n    #tpm-gerente-planta-unique table.tpm-gerente-planta tbody tr:nth-child(even) {\r\n        background-color: #f0f6ff !important;\r\n    }\r\n\r\n    #tpm-gerente-planta-unique table.tpm-gerente-planta tbody tr:hover {\r\n        background-color: #d0defe !important;\r\n        transition: background-color 0.3s ease !important;\r\n    }\r\n\r\n    @media (max-width: 768px) {\r\n        #tpm-gerente-planta-unique table.tpm-gerente-planta {\r\n            font-size: 16px !important;\r\n        }\r\n\r\n        #tpm-gerente-planta-unique table.tpm-gerente-planta th,\r\n        #tpm-gerente-planta-unique table.tpm-gerente-planta td {\r\n            padding: 14px 16px !important;\r\n        }\r\n\r\n        #tpm-gerente-planta-unique table.tpm-gerente-planta th {\r\n            font-size: 18px !important;\r\n        }\r\n    }\r\n  <\/style>\r\n<\/head>\r\n<body>\r\n\r\n<!-- VERSI\u00d3N ESPA\u00d1OL (es_MX) -->\r\n\r\n\r\n<!-- VERSI\u00d3N INGL\u00c9S (en_US) -->\r\n\r\n<div id=\"tpm-gerente-planta-unique\" class=\"tpm-gerente-container\">\r\n    <table class=\"tpm-gerente-planta\">\r\n        <thead>\r\n            <tr>\r\n                <th>TPM Vision<\/th>\r\n                <th>Common Problems<\/th>\r\n                <th>How TPM Can Help<\/th>\r\n            <\/tr>\r\n        <\/thead>\r\n        <tbody>\r\n            <tr>\r\n                <td>\r\n                    Align operations with strategy, drive results in safety, quality, costs and delivery, \r\n                    and consolidate a culture of continuous improvement on the shop floor.\r\n                <\/td>\r\n                <td>\r\n                    Lack of time to supervise all pillars, unbalanced progress, staff resistance, \r\n                    excessive unfocused activities, and difficulty sustaining the system without depending on external consultants.\r\n                <\/td>\r\n                <td>\r\n                    Online consulting provides clear tools to supervise and make decisions without needing to be a technical expert. \r\n                    It helps the plant manager integrate teams, evaluate progress, anticipate deviations, and keep the system's energy alive, \r\n                    without overwhelming the team or losing focus.\r\n                <\/td>\r\n            <\/tr>\r\n        <\/tbody>\r\n    <\/table>\r\n<\/div>\r\n\r\n\r\n<\/body>\r\n<\/html>\t\t\t\t<\/div>\n\t\t\t\t<\/div>\n\t\t\t\t\t<\/div>\n\t\t<\/div>\n\t\t\t\t\t<\/div>\n\t\t<\/section>\n\t\t\t\t<section class=\"elementor-section elementor-top-section elementor-element elementor-element-1eb19828 elementor-section-boxed elementor-section-height-default elementor-section-height-default\" data-id=\"1eb19828\" data-element_type=\"section\">\n\t\t\t\t\t\t<div class=\"elementor-container elementor-column-gap-default\">\n\t\t\t\t\t<div class=\"elementor-column elementor-col-100 elementor-top-column elementor-element elementor-element-d08d2bb\" data-id=\"d08d2bb\" data-element_type=\"column\">\n\t\t\t<div class=\"elementor-widget-wrap elementor-element-populated\">\n\t\t\t\t\t\t<section class=\"elementor-section elementor-inner-section elementor-element elementor-element-27bd8894 elementor-section-content-middle elementor-section-boxed elementor-section-height-default elementor-section-height-default\" data-id=\"27bd8894\" data-element_type=\"section\">\n\t\t\t\t\t\t<div class=\"elementor-container elementor-column-gap-default\">\n\t\t\t\t\t<div class=\"elementor-column elementor-col-100 elementor-inner-column elementor-element elementor-element-10dd95a0\" data-id=\"10dd95a0\" data-element_type=\"column\">\n\t\t\t<div class=\"elementor-widget-wrap elementor-element-populated\">\n\t\t\t\t\t\t<div class=\"elementor-element elementor-element-b08ecb6 elementor-widget elementor-widget-heading\" data-id=\"b08ecb6\" data-element_type=\"widget\" data-settings=\"{&quot;ekit_we_effect_on&quot;:&quot;none&quot;}\" data-widget_type=\"heading.default\">\n\t\t\t\t<div class=\"elementor-widget-container\">\n\t\t\t\t\t<h2 class=\"elementor-heading-title elementor-size-default\">Transform your leadership from the factory floor.<\/h2>\t\t\t\t<\/div>\n\t\t\t\t<\/div>\n\t\t\t\t<div class=\"elementor-element elementor-element-24745579 elementor-align-center elementor-widget elementor-widget-button\" data-id=\"24745579\" data-element_type=\"widget\" data-settings=\"{&quot;ekit_we_effect_on&quot;:&quot;none&quot;}\" data-widget_type=\"button.default\">\n\t\t\t\t<div class=\"elementor-widget-container\">\n\t\t\t\t\t\t\t\t\t<div class=\"elementor-button-wrapper\">\n\t\t\t\t\t<a class=\"elementor-button elementor-button-link elementor-size-sm\" href=\"https:\/\/www.jesamerica.net\/en\/contacto\/\">\n\t\t\t\t\t\t<span class=\"elementor-button-content-wrapper\">\n\t\t\t\t\t\t\t\t\t<span class=\"elementor-button-text\">Schedule a personalized session<\/span>\n\t\t\t\t\t<\/span>\n\t\t\t\t\t<\/a>\n\t\t\t\t<\/div>\n\t\t\t\t\t\t\t\t<\/div>\n\t\t\t\t<\/div>\n\t\t\t\t\t<\/div>\n\t\t<\/div>\n\t\t\t\t\t<\/div>\n\t\t<\/section>\n\t\t\t\t\t<\/div>\n\t\t<\/div>\n\t\t\t\t\t<\/div>\n\t\t<\/section>\n\t\t\t\t<\/div>","protected":false},"excerpt":{"rendered":"<p>Asesor\u00eda TPM Online para Gerente de Planta Lidera tu planta con claridad, foco y resultados sostenibles. Deja de apagar fuegos. Empieza a dirigir con una visi\u00f3n integrada de seguridad, calidad, costo y entrega. Sabemos que como Gerente de Planta, tienes la presi\u00f3n de alinear toda la operaci\u00f3n con la estrategia\u2026 pero sin el tiempo suficiente&#8230;<\/p>","protected":false},"author":1,"featured_media":0,"parent":0,"menu_order":0,"comment_status":"closed","ping_status":"closed","template":"","meta":{"footnotes":""},"class_list":["post-19412","page","type-page","status-publish","hentry"],"yoast_head":"<!-- This site is optimized with the Yoast SEO Premium plugin v25.3.1 (Yoast SEO v25.3.1) - https:\/\/yoast.com\/wordpress\/plugins\/seo\/ -->\n<title>Gerente de Planta - JES Japan Efficient Systems<\/title>\n<meta name=\"robots\" content=\"index, follow, max-snippet:-1, max-image-preview:large, max-video-preview:-1\" \/>\n<link rel=\"canonical\" href=\"https:\/\/www.jesamerica.net\/en\/gerente-de-planta\/\" \/>\n<meta property=\"og:locale\" content=\"en_US\" \/>\n<meta property=\"og:type\" content=\"article\" \/>\n<meta property=\"og:title\" content=\"Gerente de Planta\" \/>\n<meta property=\"og:description\" content=\"Asesor\u00eda TPM Online para Gerente de Planta Lidera tu planta con claridad, foco y resultados sostenibles. Deja de apagar fuegos. Empieza a dirigir con una visi\u00f3n integrada de seguridad, calidad, costo y entrega. Sabemos que como Gerente de Planta, tienes la presi\u00f3n de alinear toda la operaci\u00f3n con la estrategia\u2026 pero sin el tiempo suficiente...\" \/>\n<meta property=\"og:url\" content=\"https:\/\/www.jesamerica.net\/en\/gerente-de-planta\/\" \/>\n<meta property=\"og:site_name\" content=\"JES Japan Efficient Systems\" \/>\n<meta property=\"article:modified_time\" content=\"2026-02-20T00:38:10+00:00\" \/>\n<meta name=\"twitter:card\" content=\"summary_large_image\" \/>\n<meta name=\"twitter:label1\" content=\"Est. reading time\" \/>\n\t<meta name=\"twitter:data1\" content=\"2 minutes\" \/>\n<script type=\"application\/ld+json\" class=\"yoast-schema-graph\">{\"@context\":\"https:\/\/schema.org\",\"@graph\":[{\"@type\":\"WebPage\",\"@id\":\"https:\/\/www.jesamerica.net\/gerente-de-planta\/\",\"url\":\"https:\/\/www.jesamerica.net\/gerente-de-planta\/\",\"name\":\"Gerente de Planta - JES Japan Efficient Systems\",\"isPartOf\":{\"@id\":\"https:\/\/www.jesamerica.net\/#website\"},\"datePublished\":\"2025-08-01T02:18:47+00:00\",\"dateModified\":\"2026-02-20T00:38:10+00:00\",\"breadcrumb\":{\"@id\":\"https:\/\/www.jesamerica.net\/gerente-de-planta\/#breadcrumb\"},\"inLanguage\":\"en-US\",\"potentialAction\":[{\"@type\":\"ReadAction\",\"target\":[\"https:\/\/www.jesamerica.net\/gerente-de-planta\/\"]}]},{\"@type\":\"BreadcrumbList\",\"@id\":\"https:\/\/www.jesamerica.net\/gerente-de-planta\/#breadcrumb\",\"itemListElement\":[{\"@type\":\"ListItem\",\"position\":1,\"name\":\"JES\",\"item\":\"https:\/\/www.jesamerica.net\/\"},{\"@type\":\"ListItem\",\"position\":2,\"name\":\"Gerente de Planta\"}]},{\"@type\":\"WebSite\",\"@id\":\"https:\/\/www.jesamerica.net\/#website\",\"url\":\"https:\/\/www.jesamerica.net\/\",\"name\":\"JES Japan Efficient Systems\",\"description\":\"Expertos en TPM\",\"publisher\":{\"@id\":\"https:\/\/www.jesamerica.net\/#organization\"},\"potentialAction\":[{\"@type\":\"SearchAction\",\"target\":{\"@type\":\"EntryPoint\",\"urlTemplate\":\"https:\/\/www.jesamerica.net\/?s={search_term_string}\"},\"query-input\":{\"@type\":\"PropertyValueSpecification\",\"valueRequired\":true,\"valueName\":\"search_term_string\"}}],\"inLanguage\":\"en-US\"},{\"@type\":\"Organization\",\"@id\":\"https:\/\/www.jesamerica.net\/#organization\",\"name\":\"JES Japan Efficient Systems\",\"url\":\"https:\/\/www.jesamerica.net\/\",\"logo\":{\"@type\":\"ImageObject\",\"inLanguage\":\"en-US\",\"@id\":\"https:\/\/www.jesamerica.net\/#\/schema\/logo\/image\/\",\"url\":\"https:\/\/www.jesamerica.net\/wp-content\/uploads\/2022\/08\/LOGO2018_250.png\",\"contentUrl\":\"https:\/\/www.jesamerica.net\/wp-content\/uploads\/2022\/08\/LOGO2018_250.png\",\"width\":250,\"height\":80,\"caption\":\"JES Japan Efficient Systems\"},\"image\":{\"@id\":\"https:\/\/www.jesamerica.net\/#\/schema\/logo\/image\/\"}}]}<\/script>\n<!-- \/ Yoast SEO Premium plugin. -->","yoast_head_json":{"title":"Gerente de Planta - JES Japan Efficient Systems","robots":{"index":"index","follow":"follow","max-snippet":"max-snippet:-1","max-image-preview":"max-image-preview:large","max-video-preview":"max-video-preview:-1"},"canonical":"https:\/\/www.jesamerica.net\/en\/gerente-de-planta\/","og_locale":"en_US","og_type":"article","og_title":"Gerente de Planta","og_description":"Asesor\u00eda TPM Online para Gerente de Planta Lidera tu planta con claridad, foco y resultados sostenibles. Deja de apagar fuegos. Empieza a dirigir con una visi\u00f3n integrada de seguridad, calidad, costo y entrega. Sabemos que como Gerente de Planta, tienes la presi\u00f3n de alinear toda la operaci\u00f3n con la estrategia\u2026 pero sin el tiempo suficiente...","og_url":"https:\/\/www.jesamerica.net\/en\/gerente-de-planta\/","og_site_name":"JES Japan Efficient Systems","article_modified_time":"2026-02-20T00:38:10+00:00","twitter_card":"summary_large_image","twitter_misc":{"Est. reading time":"2 minutes"},"schema":{"@context":"https:\/\/schema.org","@graph":[{"@type":"WebPage","@id":"https:\/\/www.jesamerica.net\/gerente-de-planta\/","url":"https:\/\/www.jesamerica.net\/gerente-de-planta\/","name":"Gerente de Planta - JES Japan Efficient Systems","isPartOf":{"@id":"https:\/\/www.jesamerica.net\/#website"},"datePublished":"2025-08-01T02:18:47+00:00","dateModified":"2026-02-20T00:38:10+00:00","breadcrumb":{"@id":"https:\/\/www.jesamerica.net\/gerente-de-planta\/#breadcrumb"},"inLanguage":"en-US","potentialAction":[{"@type":"ReadAction","target":["https:\/\/www.jesamerica.net\/gerente-de-planta\/"]}]},{"@type":"BreadcrumbList","@id":"https:\/\/www.jesamerica.net\/gerente-de-planta\/#breadcrumb","itemListElement":[{"@type":"ListItem","position":1,"name":"JES","item":"https:\/\/www.jesamerica.net\/"},{"@type":"ListItem","position":2,"name":"Gerente de Planta"}]},{"@type":"WebSite","@id":"https:\/\/www.jesamerica.net\/#website","url":"https:\/\/www.jesamerica.net\/","name":"JES Japan Efficient Systems","description":"Expertos en TPM","publisher":{"@id":"https:\/\/www.jesamerica.net\/#organization"},"potentialAction":[{"@type":"SearchAction","target":{"@type":"EntryPoint","urlTemplate":"https:\/\/www.jesamerica.net\/?s={search_term_string}"},"query-input":{"@type":"PropertyValueSpecification","valueRequired":true,"valueName":"search_term_string"}}],"inLanguage":"en-US"},{"@type":"Organization","@id":"https:\/\/www.jesamerica.net\/#organization","name":"JES Japan Efficient Systems","url":"https:\/\/www.jesamerica.net\/","logo":{"@type":"ImageObject","inLanguage":"en-US","@id":"https:\/\/www.jesamerica.net\/#\/schema\/logo\/image\/","url":"https:\/\/www.jesamerica.net\/wp-content\/uploads\/2022\/08\/LOGO2018_250.png","contentUrl":"https:\/\/www.jesamerica.net\/wp-content\/uploads\/2022\/08\/LOGO2018_250.png","width":250,"height":80,"caption":"JES Japan Efficient Systems"},"image":{"@id":"https:\/\/www.jesamerica.net\/#\/schema\/logo\/image\/"}}]}},"_links":{"self":[{"href":"https:\/\/www.jesamerica.net\/en\/wp-json\/wp\/v2\/pages\/19412","targetHints":{"allow":["GET"]}}],"collection":[{"href":"https:\/\/www.jesamerica.net\/en\/wp-json\/wp\/v2\/pages"}],"about":[{"href":"https:\/\/www.jesamerica.net\/en\/wp-json\/wp\/v2\/types\/page"}],"author":[{"embeddable":true,"href":"https:\/\/www.jesamerica.net\/en\/wp-json\/wp\/v2\/users\/1"}],"replies":[{"embeddable":true,"href":"https:\/\/www.jesamerica.net\/en\/wp-json\/wp\/v2\/comments?post=19412"}],"version-history":[{"count":38,"href":"https:\/\/www.jesamerica.net\/en\/wp-json\/wp\/v2\/pages\/19412\/revisions"}],"predecessor-version":[{"id":21228,"href":"https:\/\/www.jesamerica.net\/en\/wp-json\/wp\/v2\/pages\/19412\/revisions\/21228"}],"wp:attachment":[{"href":"https:\/\/www.jesamerica.net\/en\/wp-json\/wp\/v2\/media?parent=19412"}],"curies":[{"name":"wp","href":"https:\/\/api.w.org\/{rel}","templated":true}]}}