{"id":19401,"date":"2025-07-31T19:40:39","date_gmt":"2025-08-01T01:40:39","guid":{"rendered":"https:\/\/www.jesamerica.net\/?page_id=19401"},"modified":"2026-02-19T17:57:37","modified_gmt":"2026-02-19T23:57:37","slug":"alta-direccion","status":"publish","type":"page","link":"https:\/\/www.jesamerica.net\/en\/alta-direccion\/","title":{"rendered":"Senior Management"},"content":{"rendered":"<div data-elementor-type=\"wp-page\" data-elementor-id=\"19401\" class=\"elementor elementor-19401\" data-elementor-post-type=\"page\">\n\t\t\t\t\t\t<section class=\"elementor-section elementor-top-section elementor-element elementor-element-c4728eb elementor-section-full_width elementor-section-stretched elementor-section-height-default elementor-section-height-default\" data-id=\"c4728eb\" data-element_type=\"section\" data-settings=\"{&quot;background_background&quot;:&quot;classic&quot;,&quot;stretch_section&quot;:&quot;section-stretched&quot;}\">\n\t\t\t\t\t\t\t<div class=\"elementor-background-overlay\"><\/div>\n\t\t\t\t\t\t\t<div class=\"elementor-container elementor-column-gap-default\">\n\t\t\t\t\t<div class=\"elementor-column elementor-col-100 elementor-top-column elementor-element elementor-element-14e9a04\" data-id=\"14e9a04\" data-element_type=\"column\">\n\t\t\t<div class=\"elementor-widget-wrap elementor-element-populated\">\n\t\t\t\t\t\t<section class=\"elementor-section elementor-inner-section elementor-element elementor-element-8e4cb8b elementor-section-boxed elementor-section-height-default elementor-section-height-default\" data-id=\"8e4cb8b\" data-element_type=\"section\">\n\t\t\t\t\t\t<div class=\"elementor-container elementor-column-gap-default\">\n\t\t\t\t\t<div class=\"elementor-column elementor-col-100 elementor-inner-column elementor-element elementor-element-dedd348\" data-id=\"dedd348\" data-element_type=\"column\">\n\t\t\t<div class=\"elementor-widget-wrap elementor-element-populated\">\n\t\t\t\t\t\t<div class=\"elementor-element elementor-element-7cbb6d11 elementor-widget elementor-widget-heading\" data-id=\"7cbb6d11\" data-element_type=\"widget\" data-settings=\"{&quot;ekit_we_effect_on&quot;:&quot;none&quot;}\" data-widget_type=\"heading.default\">\n\t\t\t\t<div class=\"elementor-widget-container\">\n\t\t\t\t\t<h1 class=\"elementor-heading-title elementor-size-default\">Online TPM Consulting for Senior Management<\/h1>\t\t\t\t<\/div>\n\t\t\t\t<\/div>\n\t\t\t\t<div class=\"elementor-element elementor-element-faad14b elementor-widget elementor-widget-heading\" data-id=\"faad14b\" data-element_type=\"widget\" data-settings=\"{&quot;ekit_we_effect_on&quot;:&quot;none&quot;}\" data-widget_type=\"heading.default\">\n\t\t\t\t<div class=\"elementor-widget-container\">\n\t\t\t\t\t<p class=\"elementor-heading-title elementor-size-default\">Your leadership connects strategy with shop floor reality.<\/p>\t\t\t\t<\/div>\n\t\t\t\t<\/div>\n\t\t\t\t<div class=\"elementor-element elementor-element-7449d566 elementor-widget elementor-widget-text-editor\" data-id=\"7449d566\" data-element_type=\"widget\" data-settings=\"{&quot;ekit_we_effect_on&quot;:&quot;none&quot;}\" data-widget_type=\"text-editor.default\">\n\t\t\t\t<div class=\"elementor-widget-container\">\n\t\t\t\t\t\t\t\t\t<p style=\"text-align: center;\">El <b>Hoshin Kanri<\/b> es una metodolog\u00eda japonesa que permite alinear la estrategia de la alta direcci\u00f3n con las acciones diarias de toda la organizaci\u00f3n, asegurando que cada esfuerzo contribuya a los objetivos clave del negocio. Nuestra <b>asesor\u00eda Online<\/b> ayuda a aplicar este enfoque de manera pr\u00e1ctica y accesible, transformando la visi\u00f3n estrat\u00e9gica en metas claras y medibles para cada nivel. As\u00ed, la direcci\u00f3n gana visibilidad real del avance, los equipos entienden c\u00f3mo sus acciones impactan en los resultados y se fortalece la disciplina para ejecutar lo importante sin dispersarse. El resultado es una organizaci\u00f3n enfocada, coherente y capaz de convertir la estrategia en rentabilidad.<\/p>\t\t\t\t\t\t\t\t<\/div>\n\t\t\t\t<\/div>\n\t\t\t\t\t<\/div>\n\t\t<\/div>\n\t\t\t\t\t<\/div>\n\t\t<\/section>\n\t\t\t\t\t<\/div>\n\t\t<\/div>\n\t\t\t\t\t<\/div>\n\t\t<\/section>\n\t\t\t\t<section class=\"elementor-section elementor-top-section elementor-element elementor-element-4da2f4f8 elementor-section-boxed elementor-section-height-default elementor-section-height-default\" data-id=\"4da2f4f8\" data-element_type=\"section\">\n\t\t\t\t\t\t<div class=\"elementor-container elementor-column-gap-default\">\n\t\t\t\t\t<div class=\"elementor-column elementor-col-100 elementor-top-column elementor-element elementor-element-38336bd9\" data-id=\"38336bd9\" data-element_type=\"column\">\n\t\t\t<div class=\"elementor-widget-wrap elementor-element-populated\">\n\t\t\t\t\t\t<section class=\"elementor-section elementor-inner-section elementor-element elementor-element-75339af3 elementor-section-boxed elementor-section-height-default elementor-section-height-default\" data-id=\"75339af3\" data-element_type=\"section\">\n\t\t\t\t\t\t<div class=\"elementor-container elementor-column-gap-default\">\n\t\t\t\t\t<div class=\"elementor-column elementor-col-100 elementor-inner-column elementor-element elementor-element-4717108f\" data-id=\"4717108f\" data-element_type=\"column\">\n\t\t\t<div class=\"elementor-widget-wrap\">\n\t\t\t\t\t\t\t<\/div>\n\t\t<\/div>\n\t\t\t\t\t<\/div>\n\t\t<\/section>\n\t\t\t\t\t<\/div>\n\t\t<\/div>\n\t\t\t\t\t<\/div>\n\t\t<\/section>\n\t\t\t\t<section class=\"elementor-section elementor-top-section elementor-element elementor-element-7dc12f01 elementor-section-boxed elementor-section-height-default elementor-section-height-default\" data-id=\"7dc12f01\" data-element_type=\"section\">\n\t\t\t\t\t\t<div class=\"elementor-container elementor-column-gap-default\">\n\t\t\t\t\t<div class=\"elementor-column elementor-col-100 elementor-top-column elementor-element elementor-element-7ba10702\" data-id=\"7ba10702\" data-element_type=\"column\">\n\t\t\t<div class=\"elementor-widget-wrap elementor-element-populated\">\n\t\t\t\t\t\t<div class=\"elementor-element elementor-element-a9e229d elementor-widget elementor-widget-heading\" data-id=\"a9e229d\" data-element_type=\"widget\" data-settings=\"{&quot;ekit_we_effect_on&quot;:&quot;none&quot;}\" data-widget_type=\"heading.default\">\n\t\t\t\t<div class=\"elementor-widget-container\">\n\t\t\t\t\t<h2 class=\"elementor-heading-title elementor-size-default\">How Online Consulting Can Be Useful for Senior Management Teams<\/h2>\t\t\t\t<\/div>\n\t\t\t\t<\/div>\n\t\t\t\t<div class=\"elementor-element elementor-element-855832d elementor-widget elementor-widget-html\" data-id=\"855832d\" data-element_type=\"widget\" data-settings=\"{&quot;ekit_we_effect_on&quot;:&quot;none&quot;}\" data-widget_type=\"html.default\">\n\t\t\t\t<div class=\"elementor-widget-container\">\n\t\t\t\t\t<!DOCTYPE html>\r\n<html lang=\"es\">\r\n<head>\r\n  <meta charset=\"UTF-8\" \/>\r\n  <title>Tabla Beneficios TPM \/ TPM Benefits Table<\/title>\r\n  <style>\r\n    \/* Contenedor - funciona para ambos idiomas *\/\r\n    #tpm-beneficios-unique.tpm-beneficios-container {\r\n      all: initial;\r\n      font-family: 'Segoe UI', Tahoma, Geneva, Verdana, sans-serif !important;\r\n      display: block !important;\r\n      padding: 24px !important;\r\n      margin: 28px 0 !important;\r\n      box-sizing: border-box !important;\r\n      isolation: isolate;\r\n      max-width: 1100px !important;\r\n      margin-left: auto !important;\r\n      margin-right: auto !important;\r\n      border-radius: 16px !important;\r\n      background: #ffffff !important;\r\n      box-shadow: 0 6px 20px rgba(0,0,0,0.15) !important;\r\n      border: 1px solid #cfd8dc !important;\r\n    }\r\n\r\n    \/* Tabla base *\/\r\n    #tpm-beneficios-unique table.tpm-beneficios {\r\n      width: 100% !important;\r\n      border-collapse: collapse !important;\r\n      font-family: inherit !important;\r\n      font-size: 17px !important;\r\n      color: #1e3a8a !important;\r\n      background: #fff !important;\r\n      overflow: hidden !important;\r\n      border-radius: 12px !important;\r\n    }\r\n\r\n    \/* Celdas *\/\r\n    #tpm-beneficios-unique table.tpm-beneficios th,\r\n    #tpm-beneficios-unique table.tpm-beneficios td {\r\n      border: 1px solid #ccc !important;\r\n      padding: 18px 20px !important;\r\n      vertical-align: top !important;\r\n    }\r\n\r\n    \/* Encabezados *\/\r\n    #tpm-beneficios-unique table.tpm-beneficios thead th {\r\n      font-size: 20px !important;\r\n      font-weight: 700 !important;\r\n      text-align: center !important;\r\n      color: #fff !important;\r\n      background: #1e3a8a !important;\r\n    }\r\n\r\n    \/* Primera columna (\u00c1rea) y t\u00edtulos de filas *\/\r\n    #tpm-beneficios-unique table.tpm-beneficios td:first-child strong {\r\n      font-size: 20px !important;\r\n      color: #0c1f5a !important;\r\n      font-weight: 700 !important;\r\n    }\r\n\r\n    \/* Alternancia de filas *\/\r\n    #tpm-beneficios-unique table.tpm-beneficios tbody tr:nth-child(odd) {\r\n      background-color: #f0f6ff !important;\r\n    }\r\n    #tpm-beneficios-unique table.tpm-beneficios tbody tr:nth-child(even) {\r\n      background-color: #ffffff !important;\r\n    }\r\n\r\n    \/* Hover suave *\/\r\n    #tpm-beneficios-unique table.tpm-beneficios tbody tr:hover {\r\n      background-color: #d0defe !important;\r\n      transition: background-color 0.25s ease !important;\r\n    }\r\n\r\n    \/* Responsivo *\/\r\n    @media (max-width: 1024px) {\r\n      #tpm-beneficios-unique.tpm-beneficios-container {\r\n        padding: 20px !important;\r\n      }\r\n      #tpm-beneficios-unique table.tpm-beneficios th,\r\n      #tpm-beneficios-unique table.tpm-beneficios td {\r\n        padding: 16px 18px !important;\r\n      }\r\n    }\r\n\r\n    @media (max-width: 768px) {\r\n      #tpm-beneficios-unique table.tpm-beneficios {\r\n        font-size: 16px !important;\r\n        display: block !important;\r\n        overflow-x: auto !important;\r\n        white-space: nowrap !important;\r\n      }\r\n      #tpm-beneficios-unique table.tpm-beneficios thead th {\r\n        font-size: 18px !important;\r\n      }\r\n      #tpm-beneficios-unique table.tpm-beneficios td:first-child strong {\r\n        font-size: 18px !important;\r\n      }\r\n    }\r\n  <\/style>\r\n<\/head>\r\n\r\n<body>\r\n  <!-- VERSI\u00d3N ESPA\u00d1OL (es_MX) -->\r\n  \r\n\r\n  <!-- VERSI\u00d3N INGL\u00c9S (en_US) - TRADUCCI\u00d3N PROFESIONAL -->\r\n  \r\n  <div id=\"tpm-beneficios-unique\" class=\"tpm-beneficios-container\">\r\n    <table class=\"tpm-beneficios\">\r\n      <thead>\r\n        <tr>\r\n          <th>Area<\/th>\r\n          <th>TPM Vision<\/th>\r\n          <th>Common Problems<\/th>\r\n          <th>How TPM Can Help<\/th>\r\n        <\/tr>\r\n      <\/thead>\r\n      <tbody>\r\n        <tr>\r\n          <td><strong>General Management<\/strong><\/td>\r\n          <td>Strategic oversight, goal achievement, organizational leadership.<\/td>\r\n          <td>Misalignment between strategy and operations, decisions disconnected from the shop floor, resistance to change.<\/td>\r\n          <td>Provides visibility into real losses, enables data-driven decision making, and fosters a leadership culture committed to continuous improvement.<\/td>\r\n        <\/tr>\r\n        <tr>\r\n          <td><strong>Manufacturing Management<\/strong><\/td>\r\n          <td>Efficient production, maintenance, quality, continuous improvement, process engineering.<\/td>\r\n          <td>Unplanned downtime, low efficiency, rework, inconsistent quality, accidents, customer complaints.<\/td>\r\n          <td>Reduces failures through autonomous and planned maintenance, improves OEE, standardizes critical processes, and enhances quality at the source.<\/td>\r\n        <\/tr>\r\n        <tr>\r\n          <td><strong>Logistics & Supply Chain Management<\/strong><\/td>\r\n          <td>Sourcing, warehousing, demand planning, distribution, reverse logistics.<\/td>\r\n          <td>Uncontrolled inventory, late deliveries, receiving or shipping errors.<\/td>\r\n          <td>Improves inventory management, reduces logistics time and errors, synchronizes processes between purchasing, warehousing and production, enabling on-time deliveries.<\/td>\r\n        <\/tr>\r\n        <tr>\r\n          <td><strong>Commercial Management<\/strong><\/td>\r\n          <td>Sales, marketing, customer service, market development.<\/td>\r\n          <td>Missed delivery dates, defective products, recurring complaints.<\/td>\r\n          <td>Increases production reliability, improves response times, and strengthens the company's image with customers.<\/td>\r\n        <\/tr>\r\n        <tr>\r\n          <td><strong>Administrative & Financial Management<\/strong><\/td>\r\n          <td>Accounting, costs, cash flow, budgeting, financial analysis.<\/td>\r\n          <td>Hidden costs, lack of visibility into operational losses, budget deviations.<\/td>\r\n          <td>Makes visible the losses affecting costs, enables investment prioritization based on ROI, and improves productive asset management.<\/td>\r\n        <\/tr>\r\n        <tr>\r\n          <td><strong>Human Resources \/ Talent Management<\/strong><\/td>\r\n          <td>Training, work environment, organizational development, labor relations.<\/td>\r\n          <td>Resistance to change, low employee participation, lack of training focus.<\/td>\r\n          <td>Engages all levels in improvement activities, strengthens shop floor leadership, and links training to concrete plant results.<\/td>\r\n        <\/tr>\r\n      <\/tbody>\r\n    <\/table>\r\n  <\/div>\r\n  \r\n<\/body>\r\n<\/html>\t\t\t\t<\/div>\n\t\t\t\t<\/div>\n\t\t\t\t\t<\/div>\n\t\t<\/div>\n\t\t\t\t\t<\/div>\n\t\t<\/section>\n\t\t\t\t<section class=\"elementor-section elementor-top-section elementor-element elementor-element-43b93735 elementor-section-boxed elementor-section-height-default elementor-section-height-default\" data-id=\"43b93735\" data-element_type=\"section\">\n\t\t\t\t\t\t<div class=\"elementor-container elementor-column-gap-default\">\n\t\t\t\t\t<div class=\"elementor-column elementor-col-100 elementor-top-column elementor-element elementor-element-5e555adb\" data-id=\"5e555adb\" data-element_type=\"column\">\n\t\t\t<div class=\"elementor-widget-wrap elementor-element-populated\">\n\t\t\t\t\t\t<section class=\"elementor-section elementor-inner-section elementor-element elementor-element-4d6d85b0 elementor-section-content-middle elementor-section-boxed elementor-section-height-default elementor-section-height-default\" data-id=\"4d6d85b0\" data-element_type=\"section\">\n\t\t\t\t\t\t<div class=\"elementor-container elementor-column-gap-default\">\n\t\t\t\t\t<div class=\"elementor-column elementor-col-100 elementor-inner-column elementor-element elementor-element-1a1a0f1c\" data-id=\"1a1a0f1c\" data-element_type=\"column\">\n\t\t\t<div class=\"elementor-widget-wrap elementor-element-populated\">\n\t\t\t\t\t\t<div class=\"elementor-element elementor-element-5e0114b9 elementor-align-center elementor-widget elementor-widget-button\" data-id=\"5e0114b9\" data-element_type=\"widget\" data-settings=\"{&quot;ekit_we_effect_on&quot;:&quot;none&quot;}\" data-widget_type=\"button.default\">\n\t\t\t\t<div class=\"elementor-widget-container\">\n\t\t\t\t\t\t\t\t\t<div class=\"elementor-button-wrapper\">\n\t\t\t\t\t<a class=\"elementor-button elementor-button-link elementor-size-sm\" href=\"https:\/\/www.jesamerica.net\/en\/contacto\/\">\n\t\t\t\t\t\t<span class=\"elementor-button-content-wrapper\">\n\t\t\t\t\t\t\t\t\t<span class=\"elementor-button-text\">Click here to schedule a meeting with a TPM expert<\/span>\n\t\t\t\t\t<\/span>\n\t\t\t\t\t<\/a>\n\t\t\t\t<\/div>\n\t\t\t\t\t\t\t\t<\/div>\n\t\t\t\t<\/div>\n\t\t\t\t\t<\/div>\n\t\t<\/div>\n\t\t\t\t\t<\/div>\n\t\t<\/section>\n\t\t\t\t<div class=\"elementor-element elementor-element-614bdb8f elementor-widget elementor-widget-spacer\" data-id=\"614bdb8f\" data-element_type=\"widget\" data-settings=\"{&quot;ekit_we_effect_on&quot;:&quot;none&quot;}\" data-widget_type=\"spacer.default\">\n\t\t\t\t<div class=\"elementor-widget-container\">\n\t\t\t\t\t\t\t<div class=\"elementor-spacer\">\n\t\t\t<div class=\"elementor-spacer-inner\"><\/div>\n\t\t<\/div>\n\t\t\t\t\t\t<\/div>\n\t\t\t\t<\/div>\n\t\t\t\t\t<\/div>\n\t\t<\/div>\n\t\t\t\t\t<\/div>\n\t\t<\/section>\n\t\t\t\t<\/div>","protected":false},"excerpt":{"rendered":"<p>Asesor\u00eda TPM Online para la Alta Direcci\u00f3n Tu liderazgo conecta la estrategia con la realidad del piso El Hoshin Kanri es una metodolog\u00eda japonesa que permite alinear la estrategia de la alta direcci\u00f3n con las acciones diarias de toda la organizaci\u00f3n, asegurando que cada esfuerzo contribuya a los objetivos clave del negocio. Nuestra asesor\u00eda Online&#8230;<\/p>","protected":false},"author":1,"featured_media":0,"parent":0,"menu_order":0,"comment_status":"closed","ping_status":"closed","template":"","meta":{"footnotes":""},"class_list":["post-19401","page","type-page","status-publish","hentry"],"yoast_head":"<!-- This site is optimized with the Yoast SEO Premium plugin v25.3.1 (Yoast SEO v25.3.1) - https:\/\/yoast.com\/wordpress\/plugins\/seo\/ -->\n<title>Alta Direcci\u00f3n - JES Japan Efficient Systems<\/title>\n<meta name=\"robots\" content=\"index, follow, max-snippet:-1, max-image-preview:large, max-video-preview:-1\" \/>\n<link rel=\"canonical\" href=\"https:\/\/www.jesamerica.net\/en\/alta-direccion\/\" \/>\n<meta property=\"og:locale\" content=\"en_US\" \/>\n<meta property=\"og:type\" content=\"article\" \/>\n<meta property=\"og:title\" content=\"Alta Direcci\u00f3n\" \/>\n<meta property=\"og:description\" content=\"Asesor\u00eda TPM Online para la Alta Direcci\u00f3n Tu liderazgo conecta la estrategia con la realidad del piso El Hoshin Kanri es una metodolog\u00eda japonesa que permite alinear la estrategia de la alta direcci\u00f3n con las acciones diarias de toda la organizaci\u00f3n, asegurando que cada esfuerzo contribuya a los objetivos clave del negocio. Nuestra asesor\u00eda Online...\" \/>\n<meta property=\"og:url\" content=\"https:\/\/www.jesamerica.net\/en\/alta-direccion\/\" \/>\n<meta property=\"og:site_name\" content=\"JES Japan Efficient Systems\" \/>\n<meta property=\"article:modified_time\" content=\"2026-02-19T23:57:37+00:00\" \/>\n<meta name=\"twitter:card\" content=\"summary_large_image\" \/>\n<meta name=\"twitter:label1\" content=\"Est. reading time\" \/>\n\t<meta name=\"twitter:data1\" content=\"3 minutes\" \/>\n<script type=\"application\/ld+json\" class=\"yoast-schema-graph\">{\"@context\":\"https:\/\/schema.org\",\"@graph\":[{\"@type\":\"WebPage\",\"@id\":\"https:\/\/www.jesamerica.net\/alta-direccion\/\",\"url\":\"https:\/\/www.jesamerica.net\/alta-direccion\/\",\"name\":\"Alta Direcci\u00f3n - JES Japan Efficient Systems\",\"isPartOf\":{\"@id\":\"https:\/\/www.jesamerica.net\/#website\"},\"datePublished\":\"2025-08-01T01:40:39+00:00\",\"dateModified\":\"2026-02-19T23:57:37+00:00\",\"breadcrumb\":{\"@id\":\"https:\/\/www.jesamerica.net\/alta-direccion\/#breadcrumb\"},\"inLanguage\":\"en-US\",\"potentialAction\":[{\"@type\":\"ReadAction\",\"target\":[\"https:\/\/www.jesamerica.net\/alta-direccion\/\"]}]},{\"@type\":\"BreadcrumbList\",\"@id\":\"https:\/\/www.jesamerica.net\/alta-direccion\/#breadcrumb\",\"itemListElement\":[{\"@type\":\"ListItem\",\"position\":1,\"name\":\"JES\",\"item\":\"https:\/\/www.jesamerica.net\/\"},{\"@type\":\"ListItem\",\"position\":2,\"name\":\"Alta Direcci\u00f3n\"}]},{\"@type\":\"WebSite\",\"@id\":\"https:\/\/www.jesamerica.net\/#website\",\"url\":\"https:\/\/www.jesamerica.net\/\",\"name\":\"JES Japan Efficient Systems\",\"description\":\"Expertos en TPM\",\"publisher\":{\"@id\":\"https:\/\/www.jesamerica.net\/#organization\"},\"potentialAction\":[{\"@type\":\"SearchAction\",\"target\":{\"@type\":\"EntryPoint\",\"urlTemplate\":\"https:\/\/www.jesamerica.net\/?s={search_term_string}\"},\"query-input\":{\"@type\":\"PropertyValueSpecification\",\"valueRequired\":true,\"valueName\":\"search_term_string\"}}],\"inLanguage\":\"en-US\"},{\"@type\":\"Organization\",\"@id\":\"https:\/\/www.jesamerica.net\/#organization\",\"name\":\"JES Japan Efficient Systems\",\"url\":\"https:\/\/www.jesamerica.net\/\",\"logo\":{\"@type\":\"ImageObject\",\"inLanguage\":\"en-US\",\"@id\":\"https:\/\/www.jesamerica.net\/#\/schema\/logo\/image\/\",\"url\":\"https:\/\/www.jesamerica.net\/wp-content\/uploads\/2022\/08\/LOGO2018_250.png\",\"contentUrl\":\"https:\/\/www.jesamerica.net\/wp-content\/uploads\/2022\/08\/LOGO2018_250.png\",\"width\":250,\"height\":80,\"caption\":\"JES Japan Efficient Systems\"},\"image\":{\"@id\":\"https:\/\/www.jesamerica.net\/#\/schema\/logo\/image\/\"}}]}<\/script>\n<!-- \/ Yoast SEO Premium plugin. -->","yoast_head_json":{"title":"Alta Direcci\u00f3n - JES Japan Efficient Systems","robots":{"index":"index","follow":"follow","max-snippet":"max-snippet:-1","max-image-preview":"max-image-preview:large","max-video-preview":"max-video-preview:-1"},"canonical":"https:\/\/www.jesamerica.net\/en\/alta-direccion\/","og_locale":"en_US","og_type":"article","og_title":"Alta Direcci\u00f3n","og_description":"Asesor\u00eda TPM Online para la Alta Direcci\u00f3n Tu liderazgo conecta la estrategia con la realidad del piso El Hoshin Kanri es una metodolog\u00eda japonesa que permite alinear la estrategia de la alta direcci\u00f3n con las acciones diarias de toda la organizaci\u00f3n, asegurando que cada esfuerzo contribuya a los objetivos clave del negocio. Nuestra asesor\u00eda Online...","og_url":"https:\/\/www.jesamerica.net\/en\/alta-direccion\/","og_site_name":"JES Japan Efficient Systems","article_modified_time":"2026-02-19T23:57:37+00:00","twitter_card":"summary_large_image","twitter_misc":{"Est. reading time":"3 minutes"},"schema":{"@context":"https:\/\/schema.org","@graph":[{"@type":"WebPage","@id":"https:\/\/www.jesamerica.net\/alta-direccion\/","url":"https:\/\/www.jesamerica.net\/alta-direccion\/","name":"Alta Direcci\u00f3n - JES Japan Efficient Systems","isPartOf":{"@id":"https:\/\/www.jesamerica.net\/#website"},"datePublished":"2025-08-01T01:40:39+00:00","dateModified":"2026-02-19T23:57:37+00:00","breadcrumb":{"@id":"https:\/\/www.jesamerica.net\/alta-direccion\/#breadcrumb"},"inLanguage":"en-US","potentialAction":[{"@type":"ReadAction","target":["https:\/\/www.jesamerica.net\/alta-direccion\/"]}]},{"@type":"BreadcrumbList","@id":"https:\/\/www.jesamerica.net\/alta-direccion\/#breadcrumb","itemListElement":[{"@type":"ListItem","position":1,"name":"JES","item":"https:\/\/www.jesamerica.net\/"},{"@type":"ListItem","position":2,"name":"Alta Direcci\u00f3n"}]},{"@type":"WebSite","@id":"https:\/\/www.jesamerica.net\/#website","url":"https:\/\/www.jesamerica.net\/","name":"JES Japan Efficient Systems","description":"Expertos en TPM","publisher":{"@id":"https:\/\/www.jesamerica.net\/#organization"},"potentialAction":[{"@type":"SearchAction","target":{"@type":"EntryPoint","urlTemplate":"https:\/\/www.jesamerica.net\/?s={search_term_string}"},"query-input":{"@type":"PropertyValueSpecification","valueRequired":true,"valueName":"search_term_string"}}],"inLanguage":"en-US"},{"@type":"Organization","@id":"https:\/\/www.jesamerica.net\/#organization","name":"JES Japan Efficient Systems","url":"https:\/\/www.jesamerica.net\/","logo":{"@type":"ImageObject","inLanguage":"en-US","@id":"https:\/\/www.jesamerica.net\/#\/schema\/logo\/image\/","url":"https:\/\/www.jesamerica.net\/wp-content\/uploads\/2022\/08\/LOGO2018_250.png","contentUrl":"https:\/\/www.jesamerica.net\/wp-content\/uploads\/2022\/08\/LOGO2018_250.png","width":250,"height":80,"caption":"JES Japan Efficient Systems"},"image":{"@id":"https:\/\/www.jesamerica.net\/#\/schema\/logo\/image\/"}}]}},"_links":{"self":[{"href":"https:\/\/www.jesamerica.net\/en\/wp-json\/wp\/v2\/pages\/19401","targetHints":{"allow":["GET"]}}],"collection":[{"href":"https:\/\/www.jesamerica.net\/en\/wp-json\/wp\/v2\/pages"}],"about":[{"href":"https:\/\/www.jesamerica.net\/en\/wp-json\/wp\/v2\/types\/page"}],"author":[{"embeddable":true,"href":"https:\/\/www.jesamerica.net\/en\/wp-json\/wp\/v2\/users\/1"}],"replies":[{"embeddable":true,"href":"https:\/\/www.jesamerica.net\/en\/wp-json\/wp\/v2\/comments?post=19401"}],"version-history":[{"count":46,"href":"https:\/\/www.jesamerica.net\/en\/wp-json\/wp\/v2\/pages\/19401\/revisions"}],"predecessor-version":[{"id":21215,"href":"https:\/\/www.jesamerica.net\/en\/wp-json\/wp\/v2\/pages\/19401\/revisions\/21215"}],"wp:attachment":[{"href":"https:\/\/www.jesamerica.net\/en\/wp-json\/wp\/v2\/media?parent=19401"}],"curies":[{"name":"wp","href":"https:\/\/api.w.org\/{rel}","templated":true}]}}