{"id":19370,"date":"2025-07-31T18:15:02","date_gmt":"2025-08-01T00:15:02","guid":{"rendered":"https:\/\/www.jesamerica.net\/?page_id=19370"},"modified":"2025-09-05T16:48:28","modified_gmt":"2025-09-05T22:48:28","slug":"preparacion-premios-tpm","status":"publish","type":"page","link":"https:\/\/www.jesamerica.net\/en\/preparacion-premios-tpm\/","title":{"rendered":"Preparation for TPM Awards"},"content":{"rendered":"\t\t<div data-elementor-type=\"wp-page\" data-elementor-id=\"19370\" class=\"elementor elementor-19370\" data-elementor-post-type=\"page\">\n\t\t\t\t\t\t<section class=\"elementor-section elementor-top-section elementor-element elementor-element-6020c34 elementor-section-full_width elementor-section-stretched elementor-section-height-default elementor-section-height-default\" data-id=\"6020c34\" data-element_type=\"section\" data-settings=\"{&quot;background_background&quot;:&quot;classic&quot;,&quot;stretch_section&quot;:&quot;section-stretched&quot;}\">\n\t\t\t\t\t\t\t<div class=\"elementor-background-overlay\"><\/div>\n\t\t\t\t\t\t\t<div class=\"elementor-container elementor-column-gap-default\">\n\t\t\t\t\t<div class=\"elementor-column elementor-col-100 elementor-top-column elementor-element elementor-element-ff4b23b\" data-id=\"ff4b23b\" data-element_type=\"column\">\n\t\t\t<div class=\"elementor-widget-wrap elementor-element-populated\">\n\t\t\t\t\t\t<section class=\"elementor-section elementor-inner-section elementor-element elementor-element-a43a4a7 elementor-section-boxed elementor-section-height-default elementor-section-height-default\" data-id=\"a43a4a7\" data-element_type=\"section\">\n\t\t\t\t\t\t<div class=\"elementor-container elementor-column-gap-default\">\n\t\t\t\t\t<div class=\"elementor-column elementor-col-100 elementor-inner-column elementor-element elementor-element-4b51e82\" data-id=\"4b51e82\" data-element_type=\"column\">\n\t\t\t<div class=\"elementor-widget-wrap elementor-element-populated\">\n\t\t\t\t\t\t<div class=\"elementor-element elementor-element-4293772a elementor-widget elementor-widget-heading\" data-id=\"4293772a\" data-element_type=\"widget\" data-settings=\"{&quot;ekit_we_effect_on&quot;:&quot;none&quot;}\" data-widget_type=\"heading.default\">\n\t\t\t\t<div class=\"elementor-widget-container\">\n\t\t\t\t\t<h1 class=\"elementor-heading-title elementor-size-default\">Preparaci\u00f3n para Premios TPM\n<\/h1>\t\t\t\t<\/div>\n\t\t\t\t<\/div>\n\t\t\t\t<div class=\"elementor-element elementor-element-206e9023 elementor-widget elementor-widget-heading\" data-id=\"206e9023\" data-element_type=\"widget\" data-settings=\"{&quot;ekit_we_effect_on&quot;:&quot;none&quot;}\" data-widget_type=\"heading.default\">\n\t\t\t\t<div class=\"elementor-widget-container\">\n\t\t\t\t\t<p class=\"elementor-heading-title elementor-size-default\">Eleva tu sistema a est\u00e1ndares mundiales<\/p>\t\t\t\t<\/div>\n\t\t\t\t<\/div>\n\t\t\t\t<div class=\"elementor-element elementor-element-5934f6c2 elementor-widget elementor-widget-text-editor\" data-id=\"5934f6c2\" data-element_type=\"widget\" data-settings=\"{&quot;ekit_we_effect_on&quot;:&quot;none&quot;}\" data-widget_type=\"text-editor.default\">\n\t\t\t\t<div class=\"elementor-widget-container\">\n\t\t\t\t\t\t\t\t\t<p style=\"text-align: center;\">Los Premios TPM no est\u00e1n dise\u00f1ados para hacerte fracasar, sino para ayudarte a alinear tu sistema en la direcci\u00f3n correcta. La mejor forma de validar tu progreso, aprender de tus brechas y seguir mejorando es someterse a una auditor\u00eda del JIPM.<br \/>En <strong>JES<\/strong> te preparamos para lograrlo. <strong>Desde 2012 hemos acompa\u00f1ado a 22 plantas <\/strong>al Premio a la Excelencia, 10 al de Consistencia a la Excelencia y 5 al Premio Especial. <strong>Sabemos c\u00f3mo ayudarte a destacar.<\/strong><\/p>\t\t\t\t\t\t\t\t<\/div>\n\t\t\t\t<\/div>\n\t\t\t\t\t<\/div>\n\t\t<\/div>\n\t\t\t\t\t<\/div>\n\t\t<\/section>\n\t\t\t\t\t<\/div>\n\t\t<\/div>\n\t\t\t\t\t<\/div>\n\t\t<\/section>\n\t\t\t\t<section class=\"elementor-section elementor-top-section elementor-element elementor-element-27cdd614 elementor-section-boxed elementor-section-height-default elementor-section-height-default\" data-id=\"27cdd614\" data-element_type=\"section\">\n\t\t\t\t\t\t<div class=\"elementor-container elementor-column-gap-default\">\n\t\t\t\t\t<div class=\"elementor-column elementor-col-100 elementor-top-column elementor-element elementor-element-e8e482\" data-id=\"e8e482\" data-element_type=\"column\">\n\t\t\t<div class=\"elementor-widget-wrap\">\n\t\t\t\t\t\t\t<\/div>\n\t\t<\/div>\n\t\t\t\t\t<\/div>\n\t\t<\/section>\n\t\t\t\t<section class=\"elementor-section elementor-top-section elementor-element elementor-element-d4144f3 elementor-section-boxed elementor-section-height-default elementor-section-height-default\" data-id=\"d4144f3\" data-element_type=\"section\">\n\t\t\t\t\t\t<div class=\"elementor-container elementor-column-gap-default\">\n\t\t\t\t\t<div class=\"elementor-column elementor-col-100 elementor-top-column elementor-element elementor-element-5e4a89c2\" data-id=\"5e4a89c2\" data-element_type=\"column\">\n\t\t\t<div class=\"elementor-widget-wrap elementor-element-populated\">\n\t\t\t\t\t\t<section class=\"elementor-section elementor-inner-section elementor-element elementor-element-73d82aff elementor-section-content-middle elementor-section-boxed elementor-section-height-default elementor-section-height-default\" data-id=\"73d82aff\" data-element_type=\"section\">\n\t\t\t\t\t\t<div class=\"elementor-container elementor-column-gap-default\">\n\t\t\t\t\t<div class=\"elementor-column elementor-col-100 elementor-inner-column elementor-element elementor-element-478ff9f7\" data-id=\"478ff9f7\" data-element_type=\"column\">\n\t\t\t<div class=\"elementor-widget-wrap elementor-element-populated\">\n\t\t\t\t\t\t<div class=\"elementor-element elementor-element-a734558 elementor-widget elementor-widget-heading\" data-id=\"a734558\" data-element_type=\"widget\" data-settings=\"{&quot;ekit_we_effect_on&quot;:&quot;none&quot;}\" data-widget_type=\"heading.default\">\n\t\t\t\t<div class=\"elementor-widget-container\">\n\t\t\t\t\t<p class=\"elementor-heading-title elementor-size-default\">Ruta de Preparaci\u00f3n para los premios TPM<\/p>\t\t\t\t<\/div>\n\t\t\t\t<\/div>\n\t\t\t\t<div class=\"elementor-element elementor-element-7aecc7ef elementor-widget elementor-widget-heading\" data-id=\"7aecc7ef\" data-element_type=\"widget\" data-settings=\"{&quot;ekit_we_effect_on&quot;:&quot;none&quot;}\" data-widget_type=\"heading.default\">\n\t\t\t\t<div class=\"elementor-widget-container\">\n\t\t\t\t\t<h3 class=\"elementor-heading-title elementor-size-default\">Paso a paso para alcanzar el est\u00e1ndar global del JIPM con seguridad y confianza<\/h3>\t\t\t\t<\/div>\n\t\t\t\t<\/div>\n\t\t\t\t\t<\/div>\n\t\t<\/div>\n\t\t\t\t\t<\/div>\n\t\t<\/section>\n\t\t\t\t\t<\/div>\n\t\t<\/div>\n\t\t\t\t\t<\/div>\n\t\t<\/section>\n\t\t\t\t<section class=\"elementor-section elementor-top-section elementor-element elementor-element-1fabbe8 elementor-section-full_width elementor-section-stretched elementor-section-height-default elementor-section-height-default\" data-id=\"1fabbe8\" data-element_type=\"section\" data-settings=\"{&quot;stretch_section&quot;:&quot;section-stretched&quot;}\">\n\t\t\t\t\t\t<div class=\"elementor-container elementor-column-gap-default\">\n\t\t\t\t\t<div class=\"elementor-column elementor-col-50 elementor-top-column elementor-element elementor-element-ce738f6\" data-id=\"ce738f6\" data-element_type=\"column\" data-settings=\"{&quot;background_background&quot;:&quot;slideshow&quot;,&quot;background_slideshow_gallery&quot;:[],&quot;background_slideshow_slide_duration&quot;:5000,&quot;background_slideshow_slide_transition&quot;:&quot;fade&quot;,&quot;background_slideshow_transition_duration&quot;:500}\">\n\t\t\t<div class=\"elementor-widget-wrap elementor-element-populated\">\n\t\t\t\t\t\t<section class=\"elementor-section elementor-inner-section elementor-element elementor-element-1f7a939 elementor-section-boxed elementor-section-height-default elementor-section-height-default\" data-id=\"1f7a939\" data-element_type=\"section\">\n\t\t\t\t\t\t<div class=\"elementor-container elementor-column-gap-default\">\n\t\t\t\t\t<div class=\"elementor-column elementor-col-100 elementor-inner-column elementor-element elementor-element-882a36b\" data-id=\"882a36b\" data-element_type=\"column\">\n\t\t\t<div class=\"elementor-widget-wrap elementor-element-populated\">\n\t\t\t\t\t\t<div class=\"elementor-element elementor-element-7c493d8 elementor-widget elementor-widget-text-editor\" data-id=\"7c493d8\" data-element_type=\"widget\" data-settings=\"{&quot;ekit_we_effect_on&quot;:&quot;none&quot;}\" data-widget_type=\"text-editor.default\">\n\t\t\t\t<div class=\"elementor-widget-container\">\n\t\t\t\t\t\t\t\t\t<div class=\"item\"><strong><span class=\"numero\">1.<\/span>\u00a0<\/strong>Alinear las actividades clave con los requisitos espec\u00edficos del JIPM.<\/div><div class=\"item\"><strong><span class=\"numero\">2.<\/span><\/strong>\u00a0Dise\u00f1ar un plan de ruta estrat\u00e9gico para llegar preparados a la primera auditor\u00eda.<\/div><div class=\"item\"><strong><span class=\"numero\">3.<\/span><\/strong>\u00a0Definir y cumplir las tareas clave para superar la 1.\u00aa auditor\u00eda y asegurar el avance hacia la 2.\u00aa.<\/div><div class=\"item\"><strong><span class=\"numero\">4.<\/span><\/strong>\u00a0Reenfocar las iniciativas hacia la eliminaci\u00f3n efectiva de p\u00e9rdidas reales.<\/div><div class=\"item\"><strong><span class=\"numero\">5.<\/span><\/strong>\u00a0Consolidar evidencia s\u00f3lida, trazable y bien documentada que respalde los avances.<\/div><div class=\"item\"><strong><span class=\"numero\">6.<\/span><\/strong>\u00a0Equilibrar el progreso de todos los pilares, evitando rezagos o desbalances.<\/div><div class=\"item\"><strong><span class=\"numero\">7.<\/span><\/strong>\u00a0Fortalecer la cultura TPM en el piso, asegurando que los pasos de implementaci\u00f3n se apliquen correctamente.<\/div><div class=\"item\"><strong><span class=\"numero\">8.<\/span><\/strong>\u00a0Validar que las herramientas de an\u00e1lisis est\u00e9n alineadas con los criterios del JIPM.<\/div>\t\t\t\t\t\t\t\t<\/div>\n\t\t\t\t<\/div>\n\t\t\t\t\t<\/div>\n\t\t<\/div>\n\t\t\t\t\t<\/div>\n\t\t<\/section>\n\t\t\t\t\t<\/div>\n\t\t<\/div>\n\t\t\t\t<div class=\"elementor-column elementor-col-50 elementor-top-column elementor-element elementor-element-1ed060a\" data-id=\"1ed060a\" data-element_type=\"column\" data-settings=\"{&quot;background_background&quot;:&quot;slideshow&quot;,&quot;background_slideshow_gallery&quot;:[{&quot;id&quot;:20417,&quot;url&quot;:&quot;https:\\\/\\\/www.jesamerica.net\\\/wp-content\\\/uploads\\\/2025\\\/08\\\/WhatsApp-Image-2024-03-21-at-7.10.29-PM-5.jpeg&quot;}],&quot;background_slideshow_loop&quot;:&quot;yes&quot;,&quot;background_slideshow_slide_duration&quot;:5000,&quot;background_slideshow_slide_transition&quot;:&quot;fade&quot;,&quot;background_slideshow_transition_duration&quot;:500}\">\n\t\t\t<div class=\"elementor-widget-wrap elementor-element-populated\">\n\t\t\t\t\t\t<div class=\"elementor-element elementor-element-9f08d5f elementor-widget elementor-widget-spacer\" data-id=\"9f08d5f\" data-element_type=\"widget\" data-settings=\"{&quot;ekit_we_effect_on&quot;:&quot;none&quot;}\" data-widget_type=\"spacer.default\">\n\t\t\t\t<div class=\"elementor-widget-container\">\n\t\t\t\t\t\t\t<div class=\"elementor-spacer\">\n\t\t\t<div class=\"elementor-spacer-inner\"><\/div>\n\t\t<\/div>\n\t\t\t\t\t\t<\/div>\n\t\t\t\t<\/div>\n\t\t\t\t\t<\/div>\n\t\t<\/div>\n\t\t\t\t\t<\/div>\n\t\t<\/section>\n\t\t\t\t<section class=\"elementor-section elementor-top-section elementor-element elementor-element-9e35be8 elementor-section-full_width elementor-section-stretched elementor-section-height-default elementor-section-height-default\" data-id=\"9e35be8\" data-element_type=\"section\" data-settings=\"{&quot;stretch_section&quot;:&quot;section-stretched&quot;}\">\n\t\t\t\t\t\t<div class=\"elementor-container elementor-column-gap-default\">\n\t\t\t\t\t<div class=\"elementor-column elementor-col-50 elementor-top-column elementor-element elementor-element-e941ba6\" data-id=\"e941ba6\" data-element_type=\"column\" data-settings=\"{&quot;background_background&quot;:&quot;slideshow&quot;,&quot;background_slideshow_gallery&quot;:[{&quot;id&quot;:20839,&quot;url&quot;:&quot;https:\\\/\\\/www.jesamerica.net\\\/wp-content\\\/uploads\\\/2025\\\/09\\\/awtpm205jumex.png&quot;}],&quot;background_slideshow_slide_duration&quot;:5000,&quot;background_slideshow_slide_transition&quot;:&quot;fade&quot;,&quot;background_slideshow_transition_duration&quot;:500}\">\n\t\t\t<div class=\"elementor-widget-wrap elementor-element-populated\">\n\t\t\t\t\t\t<div class=\"elementor-element elementor-element-6133fc2 elementor-widget elementor-widget-spacer\" data-id=\"6133fc2\" data-element_type=\"widget\" data-settings=\"{&quot;ekit_we_effect_on&quot;:&quot;none&quot;}\" data-widget_type=\"spacer.default\">\n\t\t\t\t<div class=\"elementor-widget-container\">\n\t\t\t\t\t\t\t<div class=\"elementor-spacer\">\n\t\t\t<div class=\"elementor-spacer-inner\"><\/div>\n\t\t<\/div>\n\t\t\t\t\t\t<\/div>\n\t\t\t\t<\/div>\n\t\t\t\t\t<\/div>\n\t\t<\/div>\n\t\t\t\t<div class=\"elementor-column elementor-col-50 elementor-top-column elementor-element elementor-element-97760c3\" data-id=\"97760c3\" data-element_type=\"column\">\n\t\t\t<div class=\"elementor-widget-wrap elementor-element-populated\">\n\t\t\t\t\t\t<section class=\"elementor-section elementor-inner-section elementor-element elementor-element-813e02e elementor-section-boxed elementor-section-height-default elementor-section-height-default\" data-id=\"813e02e\" data-element_type=\"section\">\n\t\t\t\t\t\t<div class=\"elementor-container elementor-column-gap-default\">\n\t\t\t\t\t<div class=\"elementor-column elementor-col-100 elementor-inner-column elementor-element elementor-element-9489770\" data-id=\"9489770\" data-element_type=\"column\">\n\t\t\t<div class=\"elementor-widget-wrap elementor-element-populated\">\n\t\t\t\t\t\t<div class=\"elementor-element elementor-element-b4faadc elementor-widget elementor-widget-text-editor\" data-id=\"b4faadc\" data-element_type=\"widget\" data-settings=\"{&quot;ekit_we_effect_on&quot;:&quot;none&quot;}\" data-widget_type=\"text-editor.default\">\n\t\t\t\t<div class=\"elementor-widget-container\">\n\t\t\t\t\t\t\t\t\t<div class=\"item\"><strong><span class=\"numero\">9.<\/span><\/strong>\u00a0Confirmar la claridad de los indicadores visuales y la eficacia de los sistemas de monitoreo.<\/div><div class=\"item\"><strong><span class=\"numero\">10.<\/span><\/strong>\u00a0Aumentar el nivel de exigencia en las evaluaciones internas, promoviendo la mejora continua.<\/div><div class=\"item\"><strong><span class=\"numero\">11.<\/span><\/strong>\u00a0Garantizar el liderazgo visible y activo de la alta direcci\u00f3n en el proceso de auditor\u00eda.<\/div><div class=\"item\"><strong><span class=\"numero\">12.<\/span><\/strong>\u00a0Planificar con antelaci\u00f3n las auditor\u00edas y visitas preparatorias, sin dejarlo al \u00faltimo momento.<\/div><div class=\"item\"><strong><span class=\"numero\">13.<\/span>\u00a0<\/strong>Apoyo para preparar los libros, casos y materiales clave para las auditor\u00edas oficiales.<\/div><div class=\"item\"><strong><span class=\"numero\">14.<\/span><\/strong>\u00a0Entrenar al personal para presentar con claridad los resultados, logros y aprendizajes.<\/div><div class=\"item\"><strong><span class=\"numero\">15.<\/span>\u00a0<\/strong>Proveer int\u00e9rpretes especializados Japon\u00e9s\u2013Espa\u00f1ol con experiencia en auditor\u00edas TPM.<\/div><div class=\"item\"><strong><span class=\"numero\">16.<\/span>\u00a0<\/strong>Apoyar la comunicaci\u00f3n fluida con el JIPM, evitando malentendidos culturales o t\u00e9cnicos.<\/div>\t\t\t\t\t\t\t\t<\/div>\n\t\t\t\t<\/div>\n\t\t\t\t\t<\/div>\n\t\t<\/div>\n\t\t\t\t\t<\/div>\n\t\t<\/section>\n\t\t\t\t\t<\/div>\n\t\t<\/div>\n\t\t\t\t\t<\/div>\n\t\t<\/section>\n\t\t\t\t<section class=\"elementor-section elementor-top-section elementor-element elementor-element-cc294a3 elementor-section-boxed elementor-section-height-default elementor-section-height-default\" data-id=\"cc294a3\" data-element_type=\"section\">\n\t\t\t\t\t\t<div class=\"elementor-container elementor-column-gap-default\">\n\t\t\t\t\t<div class=\"elementor-column elementor-col-100 elementor-top-column elementor-element elementor-element-7f25bb1\" data-id=\"7f25bb1\" data-element_type=\"column\">\n\t\t\t<div class=\"elementor-widget-wrap elementor-element-populated\">\n\t\t\t\t\t\t<div class=\"elementor-element elementor-element-bb49e1c elementor-align-center elementor-widget elementor-widget-button\" data-id=\"bb49e1c\" data-element_type=\"widget\" data-settings=\"{&quot;ekit_we_effect_on&quot;:&quot;none&quot;}\" data-widget_type=\"button.default\">\n\t\t\t\t<div class=\"elementor-widget-container\">\n\t\t\t\t\t\t\t\t\t<div class=\"elementor-button-wrapper\">\n\t\t\t\t\t<a class=\"elementor-button elementor-button-link elementor-size-sm\" href=\"https:\/\/www.jesamerica.net\/contacto\/\">\n\t\t\t\t\t\t<span class=\"elementor-button-content-wrapper\">\n\t\t\t\t\t\t\t\t\t<span class=\"elementor-button-text\">\u00bfInteresado en llevar a tu planta a los premios? Haz click aqu\u00ed<\/span>\n\t\t\t\t\t<\/span>\n\t\t\t\t\t<\/a>\n\t\t\t\t<\/div>\n\t\t\t\t\t\t\t\t<\/div>\n\t\t\t\t<\/div>\n\t\t\t\t\t<\/div>\n\t\t<\/div>\n\t\t\t\t\t<\/div>\n\t\t<\/section>\n\t\t\t\t<\/div>\n\t\t","protected":false},"excerpt":{"rendered":"<p>Preparaci\u00f3n para Premios TPM Eleva tu sistema a est\u00e1ndares mundiales Los Premios TPM no est\u00e1n dise\u00f1ados para hacerte fracasar, sino para ayudarte a alinear tu sistema en la direcci\u00f3n correcta. La mejor forma de validar tu progreso, aprender de tus brechas y seguir mejorando es someterse a una auditor\u00eda del JIPM.En JES te preparamos para&#8230;<\/p>","protected":false},"author":1,"featured_media":0,"parent":0,"menu_order":0,"comment_status":"closed","ping_status":"closed","template":"","meta":{"footnotes":""},"class_list":["post-19370","page","type-page","status-publish","hentry"],"yoast_head":"<!-- This site is optimized with the Yoast SEO Premium plugin v25.3.1 (Yoast SEO v25.3.1) - https:\/\/yoast.com\/wordpress\/plugins\/seo\/ -->\n<title>Preparaci\u00f3n Premios TPM - JES Japan Efficient Systems<\/title>\n<meta name=\"robots\" content=\"index, follow, max-snippet:-1, max-image-preview:large, max-video-preview:-1\" \/>\n<link rel=\"canonical\" href=\"https:\/\/www.jesamerica.net\/en\/preparacion-premios-tpm\/\" \/>\n<meta property=\"og:locale\" content=\"en_US\" \/>\n<meta property=\"og:type\" content=\"article\" \/>\n<meta property=\"og:title\" content=\"Preparaci\u00f3n Premios TPM\" \/>\n<meta property=\"og:description\" content=\"Preparaci\u00f3n para Premios TPM Eleva tu sistema a est\u00e1ndares mundiales Los Premios TPM no est\u00e1n dise\u00f1ados para hacerte fracasar, sino para ayudarte a alinear tu sistema en la direcci\u00f3n correcta. La mejor forma de validar tu progreso, aprender de tus brechas y seguir mejorando es someterse a una auditor\u00eda del JIPM.En JES te preparamos para...\" \/>\n<meta property=\"og:url\" content=\"https:\/\/www.jesamerica.net\/en\/preparacion-premios-tpm\/\" \/>\n<meta property=\"og:site_name\" content=\"JES Japan Efficient Systems\" \/>\n<meta property=\"article:modified_time\" content=\"2025-09-05T22:48:28+00:00\" \/>\n<meta name=\"twitter:card\" content=\"summary_large_image\" \/>\n<meta name=\"twitter:label1\" content=\"Est. reading time\" \/>\n\t<meta name=\"twitter:data1\" content=\"2 minutes\" \/>\n<script type=\"application\/ld+json\" class=\"yoast-schema-graph\">{\"@context\":\"https:\/\/schema.org\",\"@graph\":[{\"@type\":\"WebPage\",\"@id\":\"https:\/\/www.jesamerica.net\/preparacion-premios-tpm\/\",\"url\":\"https:\/\/www.jesamerica.net\/preparacion-premios-tpm\/\",\"name\":\"Preparaci\u00f3n Premios TPM - JES Japan Efficient Systems\",\"isPartOf\":{\"@id\":\"https:\/\/www.jesamerica.net\/#website\"},\"datePublished\":\"2025-08-01T00:15:02+00:00\",\"dateModified\":\"2025-09-05T22:48:28+00:00\",\"breadcrumb\":{\"@id\":\"https:\/\/www.jesamerica.net\/preparacion-premios-tpm\/#breadcrumb\"},\"inLanguage\":\"en-US\",\"potentialAction\":[{\"@type\":\"ReadAction\",\"target\":[\"https:\/\/www.jesamerica.net\/preparacion-premios-tpm\/\"]}]},{\"@type\":\"BreadcrumbList\",\"@id\":\"https:\/\/www.jesamerica.net\/preparacion-premios-tpm\/#breadcrumb\",\"itemListElement\":[{\"@type\":\"ListItem\",\"position\":1,\"name\":\"JES\",\"item\":\"https:\/\/www.jesamerica.net\/\"},{\"@type\":\"ListItem\",\"position\":2,\"name\":\"Preparaci\u00f3n Premios TPM\"}]},{\"@type\":\"WebSite\",\"@id\":\"https:\/\/www.jesamerica.net\/#website\",\"url\":\"https:\/\/www.jesamerica.net\/\",\"name\":\"JES Japan Efficient Systems\",\"description\":\"Expertos en TPM\",\"publisher\":{\"@id\":\"https:\/\/www.jesamerica.net\/#organization\"},\"potentialAction\":[{\"@type\":\"SearchAction\",\"target\":{\"@type\":\"EntryPoint\",\"urlTemplate\":\"https:\/\/www.jesamerica.net\/?s={search_term_string}\"},\"query-input\":{\"@type\":\"PropertyValueSpecification\",\"valueRequired\":true,\"valueName\":\"search_term_string\"}}],\"inLanguage\":\"en-US\"},{\"@type\":\"Organization\",\"@id\":\"https:\/\/www.jesamerica.net\/#organization\",\"name\":\"JES Japan Efficient Systems\",\"url\":\"https:\/\/www.jesamerica.net\/\",\"logo\":{\"@type\":\"ImageObject\",\"inLanguage\":\"en-US\",\"@id\":\"https:\/\/www.jesamerica.net\/#\/schema\/logo\/image\/\",\"url\":\"https:\/\/www.jesamerica.net\/wp-content\/uploads\/2022\/08\/LOGO2018_250.png\",\"contentUrl\":\"https:\/\/www.jesamerica.net\/wp-content\/uploads\/2022\/08\/LOGO2018_250.png\",\"width\":250,\"height\":80,\"caption\":\"JES Japan Efficient Systems\"},\"image\":{\"@id\":\"https:\/\/www.jesamerica.net\/#\/schema\/logo\/image\/\"}}]}<\/script>\n<!-- \/ Yoast SEO Premium plugin. -->","yoast_head_json":{"title":"Preparaci\u00f3n Premios TPM - JES Japan Efficient Systems","robots":{"index":"index","follow":"follow","max-snippet":"max-snippet:-1","max-image-preview":"max-image-preview:large","max-video-preview":"max-video-preview:-1"},"canonical":"https:\/\/www.jesamerica.net\/en\/preparacion-premios-tpm\/","og_locale":"en_US","og_type":"article","og_title":"Preparaci\u00f3n Premios TPM","og_description":"Preparaci\u00f3n para Premios TPM Eleva tu sistema a est\u00e1ndares mundiales Los Premios TPM no est\u00e1n dise\u00f1ados para hacerte fracasar, sino para ayudarte a alinear tu sistema en la direcci\u00f3n correcta. La mejor forma de validar tu progreso, aprender de tus brechas y seguir mejorando es someterse a una auditor\u00eda del JIPM.En JES te preparamos para...","og_url":"https:\/\/www.jesamerica.net\/en\/preparacion-premios-tpm\/","og_site_name":"JES Japan Efficient Systems","article_modified_time":"2025-09-05T22:48:28+00:00","twitter_card":"summary_large_image","twitter_misc":{"Est. reading time":"2 minutes"},"schema":{"@context":"https:\/\/schema.org","@graph":[{"@type":"WebPage","@id":"https:\/\/www.jesamerica.net\/preparacion-premios-tpm\/","url":"https:\/\/www.jesamerica.net\/preparacion-premios-tpm\/","name":"Preparaci\u00f3n Premios TPM - JES Japan Efficient Systems","isPartOf":{"@id":"https:\/\/www.jesamerica.net\/#website"},"datePublished":"2025-08-01T00:15:02+00:00","dateModified":"2025-09-05T22:48:28+00:00","breadcrumb":{"@id":"https:\/\/www.jesamerica.net\/preparacion-premios-tpm\/#breadcrumb"},"inLanguage":"en-US","potentialAction":[{"@type":"ReadAction","target":["https:\/\/www.jesamerica.net\/preparacion-premios-tpm\/"]}]},{"@type":"BreadcrumbList","@id":"https:\/\/www.jesamerica.net\/preparacion-premios-tpm\/#breadcrumb","itemListElement":[{"@type":"ListItem","position":1,"name":"JES","item":"https:\/\/www.jesamerica.net\/"},{"@type":"ListItem","position":2,"name":"Preparaci\u00f3n Premios TPM"}]},{"@type":"WebSite","@id":"https:\/\/www.jesamerica.net\/#website","url":"https:\/\/www.jesamerica.net\/","name":"JES Japan Efficient Systems","description":"Expertos en TPM","publisher":{"@id":"https:\/\/www.jesamerica.net\/#organization"},"potentialAction":[{"@type":"SearchAction","target":{"@type":"EntryPoint","urlTemplate":"https:\/\/www.jesamerica.net\/?s={search_term_string}"},"query-input":{"@type":"PropertyValueSpecification","valueRequired":true,"valueName":"search_term_string"}}],"inLanguage":"en-US"},{"@type":"Organization","@id":"https:\/\/www.jesamerica.net\/#organization","name":"JES Japan Efficient Systems","url":"https:\/\/www.jesamerica.net\/","logo":{"@type":"ImageObject","inLanguage":"en-US","@id":"https:\/\/www.jesamerica.net\/#\/schema\/logo\/image\/","url":"https:\/\/www.jesamerica.net\/wp-content\/uploads\/2022\/08\/LOGO2018_250.png","contentUrl":"https:\/\/www.jesamerica.net\/wp-content\/uploads\/2022\/08\/LOGO2018_250.png","width":250,"height":80,"caption":"JES Japan Efficient Systems"},"image":{"@id":"https:\/\/www.jesamerica.net\/#\/schema\/logo\/image\/"}}]}},"_links":{"self":[{"href":"https:\/\/www.jesamerica.net\/en\/wp-json\/wp\/v2\/pages\/19370","targetHints":{"allow":["GET"]}}],"collection":[{"href":"https:\/\/www.jesamerica.net\/en\/wp-json\/wp\/v2\/pages"}],"about":[{"href":"https:\/\/www.jesamerica.net\/en\/wp-json\/wp\/v2\/types\/page"}],"author":[{"embeddable":true,"href":"https:\/\/www.jesamerica.net\/en\/wp-json\/wp\/v2\/users\/1"}],"replies":[{"embeddable":true,"href":"https:\/\/www.jesamerica.net\/en\/wp-json\/wp\/v2\/comments?post=19370"}],"version-history":[{"count":34,"href":"https:\/\/www.jesamerica.net\/en\/wp-json\/wp\/v2\/pages\/19370\/revisions"}],"predecessor-version":[{"id":21011,"href":"https:\/\/www.jesamerica.net\/en\/wp-json\/wp\/v2\/pages\/19370\/revisions\/21011"}],"wp:attachment":[{"href":"https:\/\/www.jesamerica.net\/en\/wp-json\/wp\/v2\/media?parent=19370"}],"curies":[{"name":"wp","href":"https:\/\/api.w.org\/{rel}","templated":true}]}}