{"id":19343,"date":"2025-07-31T17:35:04","date_gmt":"2025-07-31T23:35:04","guid":{"rendered":"https:\/\/www.jesamerica.net\/?page_id=19343"},"modified":"2025-09-05T16:46:43","modified_gmt":"2025-09-05T22:46:43","slug":"implementacion-tpm","status":"publish","type":"page","link":"https:\/\/www.jesamerica.net\/en\/implementacion-tpm\/","title":{"rendered":"TPM Implementation"},"content":{"rendered":"\t\t<div data-elementor-type=\"wp-page\" data-elementor-id=\"19343\" class=\"elementor elementor-19343\" data-elementor-post-type=\"page\">\n\t\t\t\t\t\t<section class=\"elementor-section elementor-top-section elementor-element elementor-element-f6a3ff4 elementor-section-full_width elementor-section-stretched elementor-section-height-default elementor-section-height-default\" data-id=\"f6a3ff4\" data-element_type=\"section\" data-settings=\"{&quot;background_background&quot;:&quot;classic&quot;,&quot;stretch_section&quot;:&quot;section-stretched&quot;}\">\n\t\t\t\t\t\t\t<div class=\"elementor-background-overlay\"><\/div>\n\t\t\t\t\t\t\t<div class=\"elementor-container elementor-column-gap-default\">\n\t\t\t\t\t<div class=\"elementor-column elementor-col-100 elementor-top-column elementor-element elementor-element-8b74916\" data-id=\"8b74916\" data-element_type=\"column\">\n\t\t\t<div class=\"elementor-widget-wrap elementor-element-populated\">\n\t\t\t\t\t\t<section class=\"elementor-section elementor-inner-section elementor-element elementor-element-3a4a6ff1 elementor-section-boxed elementor-section-height-default elementor-section-height-default\" data-id=\"3a4a6ff1\" data-element_type=\"section\">\n\t\t\t\t\t\t<div class=\"elementor-container elementor-column-gap-default\">\n\t\t\t\t\t<div class=\"elementor-column elementor-col-100 elementor-inner-column elementor-element elementor-element-291c43c0\" data-id=\"291c43c0\" data-element_type=\"column\">\n\t\t\t<div class=\"elementor-widget-wrap elementor-element-populated\">\n\t\t\t\t\t\t<div class=\"elementor-element elementor-element-6f3f7285 elementor-widget elementor-widget-heading\" data-id=\"6f3f7285\" data-element_type=\"widget\" data-settings=\"{&quot;ekit_we_effect_on&quot;:&quot;none&quot;}\" data-widget_type=\"heading.default\">\n\t\t\t\t<div class=\"elementor-widget-container\">\n\t\t\t\t\t<h1 class=\"elementor-heading-title elementor-size-default\">Implementaci\u00f3n TPM<\/h1>\t\t\t\t<\/div>\n\t\t\t\t<\/div>\n\t\t\t\t<div class=\"elementor-element elementor-element-6655c48d elementor-widget elementor-widget-heading\" data-id=\"6655c48d\" data-element_type=\"widget\" data-settings=\"{&quot;ekit_we_effect_on&quot;:&quot;none&quot;}\" data-widget_type=\"heading.default\">\n\t\t\t\t<div class=\"elementor-widget-container\">\n\t\t\t\t\t<p class=\"elementor-heading-title elementor-size-default\">Transforma la empresa desde el coraz\u00f3n operativo.<\/p>\t\t\t\t<\/div>\n\t\t\t\t<\/div>\n\t\t\t\t<div class=\"elementor-element elementor-element-3181b2a6 elementor-widget elementor-widget-text-editor\" data-id=\"3181b2a6\" data-element_type=\"widget\" data-settings=\"{&quot;ekit_we_effect_on&quot;:&quot;none&quot;}\" data-widget_type=\"text-editor.default\">\n\t\t\t\t<div class=\"elementor-widget-container\">\n\t\t\t\t\t\t\t\t\t<p style=\"text-align: center;\"><strong>TPM<\/strong> activa el talento de toda tu planta a trav\u00e9s de <strong>equipos multidisciplinarios.<\/strong><br \/>Como en el f\u00fatbol: las ventas ganan partidos, pero la defensa \u2014una operaci\u00f3n eficiente\u2014 gana campeonatos.<br \/><strong>Con TPM, los ahorros se convierten en ventaja competitiva.<\/strong><\/p>\t\t\t\t\t\t\t\t<\/div>\n\t\t\t\t<\/div>\n\t\t\t\t\t<\/div>\n\t\t<\/div>\n\t\t\t\t\t<\/div>\n\t\t<\/section>\n\t\t\t\t\t<\/div>\n\t\t<\/div>\n\t\t\t\t\t<\/div>\n\t\t<\/section>\n\t\t\t\t<section class=\"elementor-section elementor-top-section elementor-element elementor-element-6a81cda elementor-section-full_width elementor-section-stretched elementor-section-height-default elementor-section-height-default\" data-id=\"6a81cda\" data-element_type=\"section\" data-settings=\"{&quot;stretch_section&quot;:&quot;section-stretched&quot;}\">\n\t\t\t\t\t\t<div class=\"elementor-container elementor-column-gap-default\">\n\t\t\t\t\t<div class=\"elementor-column elementor-col-50 elementor-top-column elementor-element elementor-element-4451bde\" data-id=\"4451bde\" data-element_type=\"column\" data-settings=\"{&quot;background_background&quot;:&quot;slideshow&quot;,&quot;background_slideshow_gallery&quot;:[{&quot;id&quot;:20874,&quot;url&quot;:&quot;https:\\\/\\\/www.jesamerica.net\\\/wp-content\\\/uploads\\\/2025\\\/09\\\/implementaciontpm.jpg&quot;}],&quot;background_slideshow_slide_duration&quot;:5000,&quot;background_slideshow_slide_transition&quot;:&quot;fade&quot;,&quot;background_slideshow_transition_duration&quot;:500}\">\n\t\t\t<div class=\"elementor-widget-wrap elementor-element-populated\">\n\t\t\t\t\t\t<div class=\"elementor-element elementor-element-a120091 elementor-widget elementor-widget-spacer\" data-id=\"a120091\" data-element_type=\"widget\" data-settings=\"{&quot;ekit_we_effect_on&quot;:&quot;none&quot;}\" data-widget_type=\"spacer.default\">\n\t\t\t\t<div class=\"elementor-widget-container\">\n\t\t\t\t\t\t\t<div class=\"elementor-spacer\">\n\t\t\t<div class=\"elementor-spacer-inner\"><\/div>\n\t\t<\/div>\n\t\t\t\t\t\t<\/div>\n\t\t\t\t<\/div>\n\t\t\t\t\t<\/div>\n\t\t<\/div>\n\t\t\t\t<div class=\"elementor-column elementor-col-50 elementor-top-column elementor-element elementor-element-2c5da99\" data-id=\"2c5da99\" data-element_type=\"column\">\n\t\t\t<div class=\"elementor-widget-wrap elementor-element-populated\">\n\t\t\t\t\t\t<section class=\"elementor-section elementor-inner-section elementor-element elementor-element-e9af5cc elementor-section-boxed elementor-section-height-default elementor-section-height-default\" data-id=\"e9af5cc\" data-element_type=\"section\">\n\t\t\t\t\t\t<div class=\"elementor-container elementor-column-gap-default\">\n\t\t\t\t\t<div class=\"elementor-column elementor-col-100 elementor-inner-column elementor-element elementor-element-5f55cf3\" data-id=\"5f55cf3\" data-element_type=\"column\">\n\t\t\t<div class=\"elementor-widget-wrap elementor-element-populated\">\n\t\t\t\t\t\t<div class=\"elementor-element elementor-element-ebe9f6b elementor-widget elementor-widget-heading\" data-id=\"ebe9f6b\" data-element_type=\"widget\" data-settings=\"{&quot;ekit_we_effect_on&quot;:&quot;none&quot;}\" data-widget_type=\"heading.default\">\n\t\t\t\t<div class=\"elementor-widget-container\">\n\t\t\t\t\t<p class=\"elementor-heading-title elementor-size-default\">10 razones para implementar TPM en tu planta\n<\/p>\t\t\t\t<\/div>\n\t\t\t\t<\/div>\n\t\t\t\t<div class=\"elementor-element elementor-element-1e50c15 elementor-widget elementor-widget-text-editor\" data-id=\"1e50c15\" data-element_type=\"widget\" data-settings=\"{&quot;ekit_we_effect_on&quot;:&quot;none&quot;}\" data-widget_type=\"text-editor.default\">\n\t\t\t\t<div class=\"elementor-widget-container\">\n\t\t\t\t\t\t\t\t\t<p><strong>1. Mejora dr\u00e1sticamente la seguridad laboral<\/strong><br \/>Un entorno limpio, visual y sin improvisaciones reduce accidentes y aumenta el bienestar.<br \/><strong>2. Involucra a todos los niveles en la mejora continua<\/strong><br \/>Desde operadores hasta gerentes, todos se vuelven protagonistas del resultado.<br \/><strong>3. Reduce costos operativos eliminando p\u00e9rdidas<\/strong><br \/>TPM hace visibles todas las p\u00e9rdidas de la planta, las prioriza, y paso a paso las va eliminando.<br \/><strong>4. Eleva el OEE sin depender de grandes inversiones<\/strong><br \/>Mejora el desempe\u00f1o de tus equipos existentes, sin necesidad de comprar m\u00e1s maquinaria.<br \/><strong>5. Aumenta la confiabilidad y disponibilidad de los activos<\/strong><br \/>Menos paros, fallas y sobresaltos. M\u00e1s estabilidad en producci\u00f3n y entregas.<br \/><strong>6. Reduce defectos y retrabajos en planta<\/strong><br \/>TPM establece condiciones normales de operaci\u00f3n, lo que permite mantener la calidad desde la ra\u00edz.<br \/><strong>7. Fortalece el sentido de pertenencia y orgullo en la planta<\/strong><br \/>La gente cuida lo que ayuda a construir. El compromiso se siente y se ve.<br \/><strong>8. Desarrolla habilidades t\u00e9cnicas reales en tu equipo<\/strong><br \/>TPM forma l\u00edderes t\u00e9cnicos que resuelven y previenen problemas, no solo los reportan.<br \/><strong>9. TPM acaba con las tierras de nadie<\/strong><br \/>Cada cent\u00edmetro de la f\u00e1brica, cada m\u00e1quina, cada proceso tiene un responsable.<br \/><strong>10. TPM impacta el EBITDA directamente<\/strong><br \/>Cada punto de OEE ganado con TPM se refleja en productividad, entregas cumplidas y reducci\u00f3n de costos estructurales.<\/p>\t\t\t\t\t\t\t\t<\/div>\n\t\t\t\t<\/div>\n\t\t\t\t<div class=\"elementor-element elementor-element-6b013d1c elementor-align-center elementor-widget elementor-widget-button\" data-id=\"6b013d1c\" data-element_type=\"widget\" data-settings=\"{&quot;ekit_we_effect_on&quot;:&quot;none&quot;}\" data-widget_type=\"button.default\">\n\t\t\t\t<div class=\"elementor-widget-container\">\n\t\t\t\t\t\t\t\t\t<div class=\"elementor-button-wrapper\">\n\t\t\t\t\t<a class=\"elementor-button elementor-button-link elementor-size-sm\" href=\"https:\/\/www.jesamerica.net\/contacto\/\">\n\t\t\t\t\t\t<span class=\"elementor-button-content-wrapper\">\n\t\t\t\t\t\t\t\t\t<span class=\"elementor-button-text\">Solicita Informes<\/span>\n\t\t\t\t\t<\/span>\n\t\t\t\t\t<\/a>\n\t\t\t\t<\/div>\n\t\t\t\t\t\t\t\t<\/div>\n\t\t\t\t<\/div>\n\t\t\t\t\t<\/div>\n\t\t<\/div>\n\t\t\t\t\t<\/div>\n\t\t<\/section>\n\t\t\t\t\t<\/div>\n\t\t<\/div>\n\t\t\t\t\t<\/div>\n\t\t<\/section>\n\t\t\t\t<section class=\"elementor-section elementor-top-section elementor-element elementor-element-246015b7 elementor-section-boxed elementor-section-height-default elementor-section-height-default\" data-id=\"246015b7\" data-element_type=\"section\">\n\t\t\t\t\t\t<div class=\"elementor-container elementor-column-gap-default\">\n\t\t\t\t\t<div class=\"elementor-column elementor-col-100 elementor-top-column elementor-element elementor-element-7d8e9be5\" data-id=\"7d8e9be5\" data-element_type=\"column\">\n\t\t\t<div class=\"elementor-widget-wrap\">\n\t\t\t\t\t\t\t<\/div>\n\t\t<\/div>\n\t\t\t\t\t<\/div>\n\t\t<\/section>\n\t\t\t\t<\/div>\n\t\t","protected":false},"excerpt":{"rendered":"<p>Implementaci\u00f3n TPM Transforma la empresa desde el coraz\u00f3n operativo. TPM activa el talento de toda tu planta a trav\u00e9s de equipos multidisciplinarios.Como en el f\u00fatbol: las ventas ganan partidos, pero la defensa \u2014una operaci\u00f3n eficiente\u2014 gana campeonatos.Con TPM, los ahorros se convierten en ventaja competitiva. 10 razones para implementar TPM en tu planta 1. Mejora&#8230;<\/p>","protected":false},"author":1,"featured_media":0,"parent":0,"menu_order":0,"comment_status":"closed","ping_status":"closed","template":"","meta":{"footnotes":""},"class_list":["post-19343","page","type-page","status-publish","hentry"],"yoast_head":"<!-- This site is optimized with the Yoast SEO Premium plugin v25.3.1 (Yoast SEO v25.3.1) - https:\/\/yoast.com\/wordpress\/plugins\/seo\/ -->\n<title>Implementaci\u00f3n TPM - JES Japan Efficient Systems<\/title>\n<meta name=\"robots\" content=\"index, follow, max-snippet:-1, max-image-preview:large, max-video-preview:-1\" \/>\n<link rel=\"canonical\" href=\"https:\/\/www.jesamerica.net\/en\/implementacion-tpm\/\" \/>\n<meta property=\"og:locale\" content=\"en_US\" \/>\n<meta property=\"og:type\" content=\"article\" \/>\n<meta property=\"og:title\" content=\"Implementaci\u00f3n TPM\" \/>\n<meta property=\"og:description\" content=\"Implementaci\u00f3n TPM Transforma la empresa desde el coraz\u00f3n operativo. TPM activa el talento de toda tu planta a trav\u00e9s de equipos multidisciplinarios.Como en el f\u00fatbol: las ventas ganan partidos, pero la defensa \u2014una operaci\u00f3n eficiente\u2014 gana campeonatos.Con TPM, los ahorros se convierten en ventaja competitiva. 10 razones para implementar TPM en tu planta 1. Mejora...\" \/>\n<meta property=\"og:url\" content=\"https:\/\/www.jesamerica.net\/en\/implementacion-tpm\/\" \/>\n<meta property=\"og:site_name\" content=\"JES Japan Efficient Systems\" \/>\n<meta property=\"article:modified_time\" content=\"2025-09-05T22:46:43+00:00\" \/>\n<meta name=\"twitter:card\" content=\"summary_large_image\" \/>\n<meta name=\"twitter:label1\" content=\"Est. reading time\" \/>\n\t<meta name=\"twitter:data1\" content=\"2 minutes\" \/>\n<script type=\"application\/ld+json\" class=\"yoast-schema-graph\">{\"@context\":\"https:\/\/schema.org\",\"@graph\":[{\"@type\":\"WebPage\",\"@id\":\"https:\/\/www.jesamerica.net\/implementacion-tpm\/\",\"url\":\"https:\/\/www.jesamerica.net\/implementacion-tpm\/\",\"name\":\"Implementaci\u00f3n TPM - JES Japan Efficient Systems\",\"isPartOf\":{\"@id\":\"https:\/\/www.jesamerica.net\/#website\"},\"datePublished\":\"2025-07-31T23:35:04+00:00\",\"dateModified\":\"2025-09-05T22:46:43+00:00\",\"breadcrumb\":{\"@id\":\"https:\/\/www.jesamerica.net\/implementacion-tpm\/#breadcrumb\"},\"inLanguage\":\"en-US\",\"potentialAction\":[{\"@type\":\"ReadAction\",\"target\":[\"https:\/\/www.jesamerica.net\/implementacion-tpm\/\"]}]},{\"@type\":\"BreadcrumbList\",\"@id\":\"https:\/\/www.jesamerica.net\/implementacion-tpm\/#breadcrumb\",\"itemListElement\":[{\"@type\":\"ListItem\",\"position\":1,\"name\":\"JES\",\"item\":\"https:\/\/www.jesamerica.net\/\"},{\"@type\":\"ListItem\",\"position\":2,\"name\":\"Implementaci\u00f3n TPM\"}]},{\"@type\":\"WebSite\",\"@id\":\"https:\/\/www.jesamerica.net\/#website\",\"url\":\"https:\/\/www.jesamerica.net\/\",\"name\":\"JES Japan Efficient Systems\",\"description\":\"Expertos en TPM\",\"publisher\":{\"@id\":\"https:\/\/www.jesamerica.net\/#organization\"},\"potentialAction\":[{\"@type\":\"SearchAction\",\"target\":{\"@type\":\"EntryPoint\",\"urlTemplate\":\"https:\/\/www.jesamerica.net\/?s={search_term_string}\"},\"query-input\":{\"@type\":\"PropertyValueSpecification\",\"valueRequired\":true,\"valueName\":\"search_term_string\"}}],\"inLanguage\":\"en-US\"},{\"@type\":\"Organization\",\"@id\":\"https:\/\/www.jesamerica.net\/#organization\",\"name\":\"JES Japan Efficient Systems\",\"url\":\"https:\/\/www.jesamerica.net\/\",\"logo\":{\"@type\":\"ImageObject\",\"inLanguage\":\"en-US\",\"@id\":\"https:\/\/www.jesamerica.net\/#\/schema\/logo\/image\/\",\"url\":\"https:\/\/www.jesamerica.net\/wp-content\/uploads\/2022\/08\/LOGO2018_250.png\",\"contentUrl\":\"https:\/\/www.jesamerica.net\/wp-content\/uploads\/2022\/08\/LOGO2018_250.png\",\"width\":250,\"height\":80,\"caption\":\"JES Japan Efficient Systems\"},\"image\":{\"@id\":\"https:\/\/www.jesamerica.net\/#\/schema\/logo\/image\/\"}}]}<\/script>\n<!-- \/ Yoast SEO Premium plugin. -->","yoast_head_json":{"title":"Implementaci\u00f3n TPM - JES Japan Efficient Systems","robots":{"index":"index","follow":"follow","max-snippet":"max-snippet:-1","max-image-preview":"max-image-preview:large","max-video-preview":"max-video-preview:-1"},"canonical":"https:\/\/www.jesamerica.net\/en\/implementacion-tpm\/","og_locale":"en_US","og_type":"article","og_title":"Implementaci\u00f3n TPM","og_description":"Implementaci\u00f3n TPM Transforma la empresa desde el coraz\u00f3n operativo. TPM activa el talento de toda tu planta a trav\u00e9s de equipos multidisciplinarios.Como en el f\u00fatbol: las ventas ganan partidos, pero la defensa \u2014una operaci\u00f3n eficiente\u2014 gana campeonatos.Con TPM, los ahorros se convierten en ventaja competitiva. 10 razones para implementar TPM en tu planta 1. Mejora...","og_url":"https:\/\/www.jesamerica.net\/en\/implementacion-tpm\/","og_site_name":"JES Japan Efficient Systems","article_modified_time":"2025-09-05T22:46:43+00:00","twitter_card":"summary_large_image","twitter_misc":{"Est. reading time":"2 minutes"},"schema":{"@context":"https:\/\/schema.org","@graph":[{"@type":"WebPage","@id":"https:\/\/www.jesamerica.net\/implementacion-tpm\/","url":"https:\/\/www.jesamerica.net\/implementacion-tpm\/","name":"Implementaci\u00f3n TPM - JES Japan Efficient Systems","isPartOf":{"@id":"https:\/\/www.jesamerica.net\/#website"},"datePublished":"2025-07-31T23:35:04+00:00","dateModified":"2025-09-05T22:46:43+00:00","breadcrumb":{"@id":"https:\/\/www.jesamerica.net\/implementacion-tpm\/#breadcrumb"},"inLanguage":"en-US","potentialAction":[{"@type":"ReadAction","target":["https:\/\/www.jesamerica.net\/implementacion-tpm\/"]}]},{"@type":"BreadcrumbList","@id":"https:\/\/www.jesamerica.net\/implementacion-tpm\/#breadcrumb","itemListElement":[{"@type":"ListItem","position":1,"name":"JES","item":"https:\/\/www.jesamerica.net\/"},{"@type":"ListItem","position":2,"name":"Implementaci\u00f3n TPM"}]},{"@type":"WebSite","@id":"https:\/\/www.jesamerica.net\/#website","url":"https:\/\/www.jesamerica.net\/","name":"JES Japan Efficient Systems","description":"Expertos en TPM","publisher":{"@id":"https:\/\/www.jesamerica.net\/#organization"},"potentialAction":[{"@type":"SearchAction","target":{"@type":"EntryPoint","urlTemplate":"https:\/\/www.jesamerica.net\/?s={search_term_string}"},"query-input":{"@type":"PropertyValueSpecification","valueRequired":true,"valueName":"search_term_string"}}],"inLanguage":"en-US"},{"@type":"Organization","@id":"https:\/\/www.jesamerica.net\/#organization","name":"JES Japan Efficient Systems","url":"https:\/\/www.jesamerica.net\/","logo":{"@type":"ImageObject","inLanguage":"en-US","@id":"https:\/\/www.jesamerica.net\/#\/schema\/logo\/image\/","url":"https:\/\/www.jesamerica.net\/wp-content\/uploads\/2022\/08\/LOGO2018_250.png","contentUrl":"https:\/\/www.jesamerica.net\/wp-content\/uploads\/2022\/08\/LOGO2018_250.png","width":250,"height":80,"caption":"JES Japan Efficient Systems"},"image":{"@id":"https:\/\/www.jesamerica.net\/#\/schema\/logo\/image\/"}}]}},"_links":{"self":[{"href":"https:\/\/www.jesamerica.net\/en\/wp-json\/wp\/v2\/pages\/19343","targetHints":{"allow":["GET"]}}],"collection":[{"href":"https:\/\/www.jesamerica.net\/en\/wp-json\/wp\/v2\/pages"}],"about":[{"href":"https:\/\/www.jesamerica.net\/en\/wp-json\/wp\/v2\/types\/page"}],"author":[{"embeddable":true,"href":"https:\/\/www.jesamerica.net\/en\/wp-json\/wp\/v2\/users\/1"}],"replies":[{"embeddable":true,"href":"https:\/\/www.jesamerica.net\/en\/wp-json\/wp\/v2\/comments?post=19343"}],"version-history":[{"count":37,"href":"https:\/\/www.jesamerica.net\/en\/wp-json\/wp\/v2\/pages\/19343\/revisions"}],"predecessor-version":[{"id":20999,"href":"https:\/\/www.jesamerica.net\/en\/wp-json\/wp\/v2\/pages\/19343\/revisions\/20999"}],"wp:attachment":[{"href":"https:\/\/www.jesamerica.net\/en\/wp-json\/wp\/v2\/media?parent=19343"}],"curies":[{"name":"wp","href":"https:\/\/api.w.org\/{rel}","templated":true}]}}