{"id":19333,"date":"2025-07-31T17:22:02","date_gmt":"2025-07-31T23:22:02","guid":{"rendered":"https:\/\/www.jesamerica.net\/?page_id=19333"},"modified":"2025-09-05T16:46:34","modified_gmt":"2025-09-05T22:46:34","slug":"diagnostico-inicial-tpm","status":"publish","type":"page","link":"https:\/\/www.jesamerica.net\/en\/diagnostico-inicial-tpm\/","title":{"rendered":"Initial TPM Diagnosic"},"content":{"rendered":"\t\t<div data-elementor-type=\"wp-page\" data-elementor-id=\"19333\" class=\"elementor elementor-19333\" data-elementor-post-type=\"page\">\n\t\t\t\t\t\t<section class=\"elementor-section elementor-top-section elementor-element elementor-element-952a870 elementor-section-full_width elementor-section-stretched elementor-section-height-default elementor-section-height-default\" data-id=\"952a870\" data-element_type=\"section\" data-settings=\"{&quot;background_background&quot;:&quot;classic&quot;,&quot;background_motion_fx_motion_fx_scrolling&quot;:&quot;yes&quot;,&quot;background_motion_fx_opacity_effect&quot;:&quot;yes&quot;,&quot;background_motion_fx_opacity_level&quot;:{&quot;unit&quot;:&quot;px&quot;,&quot;size&quot;:1,&quot;sizes&quot;:[]},&quot;background_motion_fx_opacity_range&quot;:{&quot;unit&quot;:&quot;%&quot;,&quot;size&quot;:&quot;&quot;,&quot;sizes&quot;:{&quot;start&quot;:23,&quot;end&quot;:80}},&quot;stretch_section&quot;:&quot;section-stretched&quot;,&quot;background_motion_fx_opacity_direction&quot;:&quot;out-in&quot;,&quot;background_motion_fx_devices&quot;:[&quot;desktop&quot;,&quot;tablet&quot;,&quot;mobile&quot;]}\">\n\t\t\t\t\t\t\t<div class=\"elementor-background-overlay\"><\/div>\n\t\t\t\t\t\t\t<div class=\"elementor-container elementor-column-gap-default\">\n\t\t\t\t\t<div class=\"elementor-column elementor-col-100 elementor-top-column elementor-element elementor-element-d41a482\" data-id=\"d41a482\" data-element_type=\"column\">\n\t\t\t<div class=\"elementor-widget-wrap elementor-element-populated\">\n\t\t\t\t\t\t<section class=\"elementor-section elementor-inner-section elementor-element elementor-element-373766e elementor-section-boxed elementor-section-height-default elementor-section-height-default\" data-id=\"373766e\" data-element_type=\"section\">\n\t\t\t\t\t\t<div class=\"elementor-container elementor-column-gap-default\">\n\t\t\t\t\t<div class=\"elementor-column elementor-col-100 elementor-inner-column elementor-element elementor-element-32f185a\" data-id=\"32f185a\" data-element_type=\"column\">\n\t\t\t<div class=\"elementor-widget-wrap elementor-element-populated\">\n\t\t\t\t\t\t<div class=\"elementor-element elementor-element-5875da8b elementor-widget elementor-widget-heading\" data-id=\"5875da8b\" data-element_type=\"widget\" data-settings=\"{&quot;ekit_we_effect_on&quot;:&quot;none&quot;}\" data-widget_type=\"heading.default\">\n\t\t\t\t<div class=\"elementor-widget-container\">\n\t\t\t\t\t<h1 class=\"elementor-heading-title elementor-size-default\">Diagn\u00f3stico Inicial TPM<\/h1>\t\t\t\t<\/div>\n\t\t\t\t<\/div>\n\t\t\t\t<div class=\"elementor-element elementor-element-6ef3e477 elementor-widget elementor-widget-heading\" data-id=\"6ef3e477\" data-element_type=\"widget\" data-settings=\"{&quot;ekit_we_effect_on&quot;:&quot;none&quot;}\" data-widget_type=\"heading.default\">\n\t\t\t\t<div class=\"elementor-widget-container\">\n\t\t\t\t\t<p class=\"elementor-heading-title elementor-size-default\">El punto de partida hacia la excelencia operativa.<\/p>\t\t\t\t<\/div>\n\t\t\t\t<\/div>\n\t\t\t\t<div class=\"elementor-element elementor-element-5dd2c1d8 elementor-widget elementor-widget-text-editor\" data-id=\"5dd2c1d8\" data-element_type=\"widget\" data-settings=\"{&quot;ekit_we_effect_on&quot;:&quot;none&quot;}\" data-widget_type=\"text-editor.default\">\n\t\t\t\t<div class=\"elementor-widget-container\">\n\t\t\t\t\t\t\t\t\t<p style=\"text-align: center;\">Antes de transformar tu planta, necesitas verla con claridad.<br data-start=\"629\" data-end=\"632\" \/>Nuestro diagn\u00f3stico inicial TPM eval\u00faa tu situaci\u00f3n actual, revela p\u00e9rdidas y traza un plan viable con impacto real en tus resultados financieros.<\/p>\t\t\t\t\t\t\t\t<\/div>\n\t\t\t\t<\/div>\n\t\t\t\t\t<\/div>\n\t\t<\/div>\n\t\t\t\t\t<\/div>\n\t\t<\/section>\n\t\t\t\t\t<\/div>\n\t\t<\/div>\n\t\t\t\t\t<\/div>\n\t\t<\/section>\n\t\t\t\t<section class=\"elementor-section elementor-top-section elementor-element elementor-element-d1bdbe8 elementor-section-full_width elementor-section-stretched elementor-section-height-default elementor-section-height-default\" data-id=\"d1bdbe8\" data-element_type=\"section\" data-settings=\"{&quot;stretch_section&quot;:&quot;section-stretched&quot;}\">\n\t\t\t\t\t\t<div class=\"elementor-container elementor-column-gap-default\">\n\t\t\t\t\t<div class=\"elementor-column elementor-col-50 elementor-top-column elementor-element elementor-element-67754b2\" data-id=\"67754b2\" data-element_type=\"column\" data-settings=\"{&quot;background_background&quot;:&quot;slideshow&quot;,&quot;background_slideshow_gallery&quot;:[],&quot;background_slideshow_slide_duration&quot;:5000,&quot;background_slideshow_slide_transition&quot;:&quot;fade&quot;,&quot;background_slideshow_transition_duration&quot;:500}\">\n\t\t\t<div class=\"elementor-widget-wrap elementor-element-populated\">\n\t\t\t\t\t\t<section class=\"elementor-section elementor-inner-section elementor-element elementor-element-c23e70e elementor-section-boxed elementor-section-height-default elementor-section-height-default\" data-id=\"c23e70e\" data-element_type=\"section\">\n\t\t\t\t\t\t<div class=\"elementor-container elementor-column-gap-default\">\n\t\t\t\t\t<div class=\"elementor-column elementor-col-100 elementor-inner-column elementor-element elementor-element-567be7e\" data-id=\"567be7e\" data-element_type=\"column\">\n\t\t\t<div class=\"elementor-widget-wrap elementor-element-populated\">\n\t\t\t\t\t\t<div class=\"elementor-element elementor-element-2955ff7 elementor-widget elementor-widget-heading\" data-id=\"2955ff7\" data-element_type=\"widget\" data-settings=\"{&quot;ekit_we_effect_on&quot;:&quot;none&quot;}\" data-widget_type=\"heading.default\">\n\t\t\t\t<div class=\"elementor-widget-container\">\n\t\t\t\t\t<p class=\"elementor-heading-title elementor-size-default\">10 Razones para hacer el Diagn\u00f3stico Inicial TPM\n<\/p>\t\t\t\t<\/div>\n\t\t\t\t<\/div>\n\t\t\t\t<div class=\"elementor-element elementor-element-537f745 elementor-widget elementor-widget-text-editor\" data-id=\"537f745\" data-element_type=\"widget\" data-settings=\"{&quot;ekit_we_effect_on&quot;:&quot;none&quot;}\" data-widget_type=\"text-editor.default\">\n\t\t\t\t<div class=\"elementor-widget-container\">\n\t\t\t\t\t\t\t\t\t<p><strong>1. Evaluaci\u00f3n de preparaci\u00f3n organizacional<\/strong><br \/>Evaluamos qu\u00e9 tan preparada est\u00e1 tu planta para iniciar TPM: cultura, liderazgo, estructura y condiciones b\u00e1sicas.<br \/><strong>2. Detecci\u00f3n de p\u00e9rdidas<\/strong><br \/>Identificamos tiempos muertos, defectos, ajustes y movimientos innecesarios que erosionan tu rentabilidad.<br \/><strong>3. Identificaci\u00f3n de pr\u00e1cticas reactivas<\/strong><br \/>Hallamos fallas repetidas, falta de est\u00e1ndares y correcciones de \u00faltima hora que elevan tus costos silenciosamente.<br \/><strong>4. Cuantificaci\u00f3n del potencial de mejora<\/strong><br \/>Estimamos beneficios reales con base en tus propios datos operativos.<br \/><strong>5. Priorizaci\u00f3n inteligente<\/strong><br \/>Definimos por d\u00f3nde empezar y qu\u00e9 evitar, enfoc\u00e1ndonos en lo urgente y lo viable.<br \/><strong>6. Soluci\u00f3n a dolores cr\u00edticos de operaci\u00f3n<\/strong><br \/>Enfrentamos paros frecuentes, calidad inconsistente, desorden y presi\u00f3n de entregas con soluciones TPM aplicadas.<br \/><strong>7. Plan maestro y plan de acci\u00f3n progresivo<\/strong><br \/>Dise\u00f1amos fases con enfoque realista, metas claras y condiciones m\u00ednimas para implementar TPM con \u00e9xito.<br \/><strong>8. Diagn\u00f3stico log\u00edstico: almacenes<\/strong><br \/>Detectamos p\u00e9rdidas en inventario, errores de conteo, zonas mal aprovechadas y entregas incompletas.<br \/><strong>9. Diagn\u00f3stico de activos m\u00f3viles<\/strong><br \/>Analizamos tu flota: fallas frecuentes, mantenimiento deficiente y falta de control. Recomendamos mejoras preventivas y de gesti\u00f3n.<br \/><strong>10. Retorno claro: TPM como inversi\u00f3n<\/strong><br \/>TPM no es un gasto. Elimina p\u00e9rdidas costosas, mejora el servicio y libera recursos ocultos que hoy das por perdidos.<\/p>\t\t\t\t\t\t\t\t<\/div>\n\t\t\t\t<\/div>\n\t\t\t\t<div class=\"elementor-element elementor-element-2e447e0e elementor-align-center elementor-widget elementor-widget-button\" data-id=\"2e447e0e\" data-element_type=\"widget\" data-settings=\"{&quot;ekit_we_effect_on&quot;:&quot;none&quot;}\" data-widget_type=\"button.default\">\n\t\t\t\t<div class=\"elementor-widget-container\">\n\t\t\t\t\t\t\t\t\t<div class=\"elementor-button-wrapper\">\n\t\t\t\t\t<a class=\"elementor-button elementor-button-link elementor-size-sm\" href=\"https:\/\/www.jesamerica.net\/contacto\/\">\n\t\t\t\t\t\t<span class=\"elementor-button-content-wrapper\">\n\t\t\t\t\t\t\t\t\t<span class=\"elementor-button-text\">Solicita Informes<\/span>\n\t\t\t\t\t<\/span>\n\t\t\t\t\t<\/a>\n\t\t\t\t<\/div>\n\t\t\t\t\t\t\t\t<\/div>\n\t\t\t\t<\/div>\n\t\t\t\t\t<\/div>\n\t\t<\/div>\n\t\t\t\t\t<\/div>\n\t\t<\/section>\n\t\t\t\t\t<\/div>\n\t\t<\/div>\n\t\t\t\t<div class=\"elementor-column elementor-col-50 elementor-top-column elementor-element elementor-element-c35aa17\" data-id=\"c35aa17\" data-element_type=\"column\" data-settings=\"{&quot;background_background&quot;:&quot;slideshow&quot;,&quot;background_slideshow_gallery&quot;:[{&quot;id&quot;:20870,&quot;url&quot;:&quot;https:\\\/\\\/www.jesamerica.net\\\/wp-content\\\/uploads\\\/2025\\\/09\\\/dinicialtpm.jpg&quot;}],&quot;background_slideshow_loop&quot;:&quot;yes&quot;,&quot;background_slideshow_slide_duration&quot;:5000,&quot;background_slideshow_slide_transition&quot;:&quot;fade&quot;,&quot;background_slideshow_transition_duration&quot;:500}\">\n\t\t\t<div class=\"elementor-widget-wrap elementor-element-populated\">\n\t\t\t\t\t\t<div class=\"elementor-element elementor-element-0c53cf3 elementor-widget elementor-widget-spacer\" data-id=\"0c53cf3\" data-element_type=\"widget\" data-settings=\"{&quot;ekit_we_effect_on&quot;:&quot;none&quot;}\" data-widget_type=\"spacer.default\">\n\t\t\t\t<div class=\"elementor-widget-container\">\n\t\t\t\t\t\t\t<div class=\"elementor-spacer\">\n\t\t\t<div class=\"elementor-spacer-inner\"><\/div>\n\t\t<\/div>\n\t\t\t\t\t\t<\/div>\n\t\t\t\t<\/div>\n\t\t\t\t\t<\/div>\n\t\t<\/div>\n\t\t\t\t\t<\/div>\n\t\t<\/section>\n\t\t\t\t<section class=\"elementor-section elementor-top-section elementor-element elementor-element-b4a17fb elementor-section-boxed elementor-section-height-default elementor-section-height-default\" data-id=\"b4a17fb\" data-element_type=\"section\">\n\t\t\t\t\t\t<div class=\"elementor-container elementor-column-gap-default\">\n\t\t\t\t\t<div class=\"elementor-column elementor-col-100 elementor-top-column elementor-element elementor-element-ca794e\" data-id=\"ca794e\" data-element_type=\"column\">\n\t\t\t<div class=\"elementor-widget-wrap elementor-element-populated\">\n\t\t\t\t\t\t<section class=\"elementor-section elementor-inner-section elementor-element elementor-element-6a2c7842 elementor-section-content-middle elementor-section-boxed elementor-section-height-default elementor-section-height-default\" data-id=\"6a2c7842\" data-element_type=\"section\">\n\t\t\t\t\t\t<div class=\"elementor-container elementor-column-gap-default\">\n\t\t\t\t\t<div class=\"elementor-column elementor-col-100 elementor-inner-column elementor-element elementor-element-40eddf8\" data-id=\"40eddf8\" data-element_type=\"column\">\n\t\t\t<div class=\"elementor-widget-wrap\">\n\t\t\t\t\t\t\t<\/div>\n\t\t<\/div>\n\t\t\t\t\t<\/div>\n\t\t<\/section>\n\t\t\t\t\t<\/div>\n\t\t<\/div>\n\t\t\t\t\t<\/div>\n\t\t<\/section>\n\t\t\t\t<\/div>\n\t\t","protected":false},"excerpt":{"rendered":"<p>Diagn\u00f3stico Inicial TPM El punto de partida hacia la excelencia operativa. Antes de transformar tu planta, necesitas verla con claridad.Nuestro diagn\u00f3stico inicial TPM eval\u00faa tu situaci\u00f3n actual, revela p\u00e9rdidas y traza un plan viable con impacto real en tus resultados financieros. 10 Razones para hacer el Diagn\u00f3stico Inicial TPM 1. Evaluaci\u00f3n de preparaci\u00f3n organizacionalEvaluamos qu\u00e9&#8230;<\/p>","protected":false},"author":1,"featured_media":0,"parent":0,"menu_order":0,"comment_status":"closed","ping_status":"closed","template":"","meta":{"footnotes":""},"class_list":["post-19333","page","type-page","status-publish","hentry"],"yoast_head":"<!-- This site is optimized with the Yoast SEO Premium plugin v25.3.1 (Yoast SEO v25.3.1) - https:\/\/yoast.com\/wordpress\/plugins\/seo\/ -->\n<title>Diagn\u00f3stico Inicial TPM - JES Japan Efficient Systems<\/title>\n<meta name=\"robots\" content=\"index, follow, max-snippet:-1, max-image-preview:large, max-video-preview:-1\" \/>\n<link rel=\"canonical\" href=\"https:\/\/www.jesamerica.net\/en\/diagnostico-inicial-tpm\/\" \/>\n<meta property=\"og:locale\" content=\"en_US\" \/>\n<meta property=\"og:type\" content=\"article\" \/>\n<meta property=\"og:title\" content=\"Diagn\u00f3stico Inicial TPM\" \/>\n<meta property=\"og:description\" content=\"Diagn\u00f3stico Inicial TPM El punto de partida hacia la excelencia operativa. Antes de transformar tu planta, necesitas verla con claridad.Nuestro diagn\u00f3stico inicial TPM eval\u00faa tu situaci\u00f3n actual, revela p\u00e9rdidas y traza un plan viable con impacto real en tus resultados financieros. 10 Razones para hacer el Diagn\u00f3stico Inicial TPM 1. Evaluaci\u00f3n de preparaci\u00f3n organizacionalEvaluamos qu\u00e9...\" \/>\n<meta property=\"og:url\" content=\"https:\/\/www.jesamerica.net\/en\/diagnostico-inicial-tpm\/\" \/>\n<meta property=\"og:site_name\" content=\"JES Japan Efficient Systems\" \/>\n<meta property=\"article:modified_time\" content=\"2025-09-05T22:46:34+00:00\" \/>\n<meta name=\"twitter:card\" content=\"summary_large_image\" \/>\n<meta name=\"twitter:label1\" content=\"Est. reading time\" \/>\n\t<meta name=\"twitter:data1\" content=\"2 minutes\" \/>\n<script type=\"application\/ld+json\" class=\"yoast-schema-graph\">{\"@context\":\"https:\/\/schema.org\",\"@graph\":[{\"@type\":\"WebPage\",\"@id\":\"https:\/\/www.jesamerica.net\/diagnostico-inicial-tpm\/\",\"url\":\"https:\/\/www.jesamerica.net\/diagnostico-inicial-tpm\/\",\"name\":\"Diagn\u00f3stico Inicial TPM - JES Japan Efficient Systems\",\"isPartOf\":{\"@id\":\"https:\/\/www.jesamerica.net\/#website\"},\"datePublished\":\"2025-07-31T23:22:02+00:00\",\"dateModified\":\"2025-09-05T22:46:34+00:00\",\"breadcrumb\":{\"@id\":\"https:\/\/www.jesamerica.net\/diagnostico-inicial-tpm\/#breadcrumb\"},\"inLanguage\":\"en-US\",\"potentialAction\":[{\"@type\":\"ReadAction\",\"target\":[\"https:\/\/www.jesamerica.net\/diagnostico-inicial-tpm\/\"]}]},{\"@type\":\"BreadcrumbList\",\"@id\":\"https:\/\/www.jesamerica.net\/diagnostico-inicial-tpm\/#breadcrumb\",\"itemListElement\":[{\"@type\":\"ListItem\",\"position\":1,\"name\":\"JES\",\"item\":\"https:\/\/www.jesamerica.net\/\"},{\"@type\":\"ListItem\",\"position\":2,\"name\":\"Diagn\u00f3stico Inicial TPM\"}]},{\"@type\":\"WebSite\",\"@id\":\"https:\/\/www.jesamerica.net\/#website\",\"url\":\"https:\/\/www.jesamerica.net\/\",\"name\":\"JES Japan Efficient Systems\",\"description\":\"Expertos en TPM\",\"publisher\":{\"@id\":\"https:\/\/www.jesamerica.net\/#organization\"},\"potentialAction\":[{\"@type\":\"SearchAction\",\"target\":{\"@type\":\"EntryPoint\",\"urlTemplate\":\"https:\/\/www.jesamerica.net\/?s={search_term_string}\"},\"query-input\":{\"@type\":\"PropertyValueSpecification\",\"valueRequired\":true,\"valueName\":\"search_term_string\"}}],\"inLanguage\":\"en-US\"},{\"@type\":\"Organization\",\"@id\":\"https:\/\/www.jesamerica.net\/#organization\",\"name\":\"JES Japan Efficient Systems\",\"url\":\"https:\/\/www.jesamerica.net\/\",\"logo\":{\"@type\":\"ImageObject\",\"inLanguage\":\"en-US\",\"@id\":\"https:\/\/www.jesamerica.net\/#\/schema\/logo\/image\/\",\"url\":\"https:\/\/www.jesamerica.net\/wp-content\/uploads\/2022\/08\/LOGO2018_250.png\",\"contentUrl\":\"https:\/\/www.jesamerica.net\/wp-content\/uploads\/2022\/08\/LOGO2018_250.png\",\"width\":250,\"height\":80,\"caption\":\"JES Japan Efficient Systems\"},\"image\":{\"@id\":\"https:\/\/www.jesamerica.net\/#\/schema\/logo\/image\/\"}}]}<\/script>\n<!-- \/ Yoast SEO Premium plugin. -->","yoast_head_json":{"title":"Diagn\u00f3stico Inicial TPM - JES Japan Efficient Systems","robots":{"index":"index","follow":"follow","max-snippet":"max-snippet:-1","max-image-preview":"max-image-preview:large","max-video-preview":"max-video-preview:-1"},"canonical":"https:\/\/www.jesamerica.net\/en\/diagnostico-inicial-tpm\/","og_locale":"en_US","og_type":"article","og_title":"Diagn\u00f3stico Inicial TPM","og_description":"Diagn\u00f3stico Inicial TPM El punto de partida hacia la excelencia operativa. Antes de transformar tu planta, necesitas verla con claridad.Nuestro diagn\u00f3stico inicial TPM eval\u00faa tu situaci\u00f3n actual, revela p\u00e9rdidas y traza un plan viable con impacto real en tus resultados financieros. 10 Razones para hacer el Diagn\u00f3stico Inicial TPM 1. Evaluaci\u00f3n de preparaci\u00f3n organizacionalEvaluamos qu\u00e9...","og_url":"https:\/\/www.jesamerica.net\/en\/diagnostico-inicial-tpm\/","og_site_name":"JES Japan Efficient Systems","article_modified_time":"2025-09-05T22:46:34+00:00","twitter_card":"summary_large_image","twitter_misc":{"Est. reading time":"2 minutes"},"schema":{"@context":"https:\/\/schema.org","@graph":[{"@type":"WebPage","@id":"https:\/\/www.jesamerica.net\/diagnostico-inicial-tpm\/","url":"https:\/\/www.jesamerica.net\/diagnostico-inicial-tpm\/","name":"Diagn\u00f3stico Inicial TPM - JES Japan Efficient Systems","isPartOf":{"@id":"https:\/\/www.jesamerica.net\/#website"},"datePublished":"2025-07-31T23:22:02+00:00","dateModified":"2025-09-05T22:46:34+00:00","breadcrumb":{"@id":"https:\/\/www.jesamerica.net\/diagnostico-inicial-tpm\/#breadcrumb"},"inLanguage":"en-US","potentialAction":[{"@type":"ReadAction","target":["https:\/\/www.jesamerica.net\/diagnostico-inicial-tpm\/"]}]},{"@type":"BreadcrumbList","@id":"https:\/\/www.jesamerica.net\/diagnostico-inicial-tpm\/#breadcrumb","itemListElement":[{"@type":"ListItem","position":1,"name":"JES","item":"https:\/\/www.jesamerica.net\/"},{"@type":"ListItem","position":2,"name":"Diagn\u00f3stico Inicial TPM"}]},{"@type":"WebSite","@id":"https:\/\/www.jesamerica.net\/#website","url":"https:\/\/www.jesamerica.net\/","name":"JES Japan Efficient Systems","description":"Expertos en TPM","publisher":{"@id":"https:\/\/www.jesamerica.net\/#organization"},"potentialAction":[{"@type":"SearchAction","target":{"@type":"EntryPoint","urlTemplate":"https:\/\/www.jesamerica.net\/?s={search_term_string}"},"query-input":{"@type":"PropertyValueSpecification","valueRequired":true,"valueName":"search_term_string"}}],"inLanguage":"en-US"},{"@type":"Organization","@id":"https:\/\/www.jesamerica.net\/#organization","name":"JES Japan Efficient Systems","url":"https:\/\/www.jesamerica.net\/","logo":{"@type":"ImageObject","inLanguage":"en-US","@id":"https:\/\/www.jesamerica.net\/#\/schema\/logo\/image\/","url":"https:\/\/www.jesamerica.net\/wp-content\/uploads\/2022\/08\/LOGO2018_250.png","contentUrl":"https:\/\/www.jesamerica.net\/wp-content\/uploads\/2022\/08\/LOGO2018_250.png","width":250,"height":80,"caption":"JES Japan Efficient Systems"},"image":{"@id":"https:\/\/www.jesamerica.net\/#\/schema\/logo\/image\/"}}]}},"_links":{"self":[{"href":"https:\/\/www.jesamerica.net\/en\/wp-json\/wp\/v2\/pages\/19333","targetHints":{"allow":["GET"]}}],"collection":[{"href":"https:\/\/www.jesamerica.net\/en\/wp-json\/wp\/v2\/pages"}],"about":[{"href":"https:\/\/www.jesamerica.net\/en\/wp-json\/wp\/v2\/types\/page"}],"author":[{"embeddable":true,"href":"https:\/\/www.jesamerica.net\/en\/wp-json\/wp\/v2\/users\/1"}],"replies":[{"embeddable":true,"href":"https:\/\/www.jesamerica.net\/en\/wp-json\/wp\/v2\/comments?post=19333"}],"version-history":[{"count":53,"href":"https:\/\/www.jesamerica.net\/en\/wp-json\/wp\/v2\/pages\/19333\/revisions"}],"predecessor-version":[{"id":20996,"href":"https:\/\/www.jesamerica.net\/en\/wp-json\/wp\/v2\/pages\/19333\/revisions\/20996"}],"wp:attachment":[{"href":"https:\/\/www.jesamerica.net\/en\/wp-json\/wp\/v2\/media?parent=19333"}],"curies":[{"name":"wp","href":"https:\/\/api.w.org\/{rel}","templated":true}]}}